{"id":25470,"date":"2021-05-20T11:45:15","date_gmt":"2021-05-20T09:45:15","guid":{"rendered":"https:\/\/www.tertrais.com\/vendee\/?page_id=25470"},"modified":"2024-12-10T22:38:45","modified_gmt":"2024-12-10T21:38:45","slug":"le-detecteur-de-fumee","status":"publish","type":"page","link":"https:\/\/www.tertrais.com\/vendee\/le-detecteur-de-fumee\/","title":{"rendered":"Le d\u00e9tecteur de fum\u00e9e"},"content":{"rendered":"<p>[et_pb_section fb_built=\u00a0\u00bb1&Prime; _builder_version=\u00a0\u00bb4.16&Prime; _module_preset=\u00a0\u00bbdefault\u00a0\u00bb background_color=\u00a0\u00bb#404042&Prime; background_image=\u00a0\u00bbhttps:\/\/www.tertrais.com\/vendee\/wp-content\/uploads\/2021\/05\/fumee.jpg\u00a0\u00bb global_colors_info=\u00a0\u00bb{}\u00a0\u00bb][et_pb_row _builder_version=\u00a0\u00bb4.16&Prime; _module_preset=\u00a0\u00bbdefault\u00a0\u00bb global_colors_info=\u00a0\u00bb{}\u00a0\u00bb][et_pb_column type=\u00a0\u00bb4_4&Prime; _builder_version=\u00a0\u00bb4.16&Prime; _module_preset=\u00a0\u00bbdefault\u00a0\u00bb global_colors_info=\u00a0\u00bb{}\u00a0\u00bb][et_pb_text _builder_version=\u00a0\u00bb4.16&Prime; _module_preset=\u00a0\u00bbdefault\u00a0\u00bb header_font=\u00a0\u00bbMontserrat|600||on|||||\u00a0\u00bb header_text_color=\u00a0\u00bb#FFFFFF\u00a0\u00bb global_colors_info=\u00a0\u00bb{}\u00a0\u00bb]<\/p>\n<h1>LE D\u00c9TECTEUR DE FUM\u00c9E<\/h1>\n<p>[\/et_pb_text][\/et_pb_column][\/et_pb_row][\/et_pb_section][et_pb_section fb_built=\u00a0\u00bb1&Prime; admin_label=\u00a0\u00bbService Section\u00a0\u00bb _builder_version=\u00a0\u00bb4.16&Prime; background_enable_image=\u00a0\u00bboff\u00a0\u00bb background_size=\u00a0\u00bbinitial\u00a0\u00bb module_alignment=\u00a0\u00bbright\u00a0\u00bb custom_padding=\u00a0\u00bb2vw||2vw||true|false\u00a0\u00bb global_colors_info=\u00a0\u00bb{}\u00a0\u00bb][et_pb_row column_structure=\u00a0\u00bb2_3,1_3&Prime; custom_padding_last_edited=\u00a0\u00bbon|phone\u00a0\u00bb admin_label=\u00a0\u00bbService Area\u00a0\u00bb _builder_version=\u00a0\u00bb4.16&Prime; background_color=\u00a0\u00bb#ffffff\u00a0\u00bb max_width=\u00a0\u00bb1440px\u00a0\u00bb custom_margin=\u00a0\u00bb|||\u00a0\u00bb custom_padding=\u00a0\u00bb80px|60px|80px|60px|false|true\u00a0\u00bb custom_padding_tablet=\u00a0\u00bb\u00a0\u00bb custom_padding_phone=\u00a0\u00bb30px|30px|30px|30px|true|true\u00a0\u00bb box_shadow_style=\u00a0\u00bbpreset3&Prime; box_shadow_vertical=\u00a0\u00bb80px\u00a0\u00bb box_shadow_blur=\u00a0\u00bb200px\u00a0\u00bb box_shadow_spread=\u00a0\u00bb-40px\u00a0\u00bb use_custom_width=\u00a0\u00bbon\u00a0\u00bb custom_width_px=\u00a0\u00bb1440px\u00a0\u00bb locked=\u00a0\u00bboff\u00a0\u00bb global_colors_info=\u00a0\u00bb{}\u00a0\u00bb][et_pb_column type=\u00a0\u00bb2_3&Prime; _builder_version=\u00a0\u00bb4.16&Prime; custom_padding=\u00a0\u00bb|||\u00a0\u00bb custom_padding_tablet=\u00a0\u00bb70px|8%||12%\u00a0\u00bb custom_padding_last_edited=\u00a0\u00bboff|desktop\u00a0\u00bb global_colors_info=\u00a0\u00bb{}\u00a0\u00bb custom_padding__hover=\u00a0\u00bb|||\u00a0\u00bb][et_pb_text admin_label=\u00a0\u00bbTitle\u00a0\u00bb _builder_version=\u00a0\u00bb4.25.0&Prime; text_font=\u00a0\u00bb||||||||\u00a0\u00bb header_font=\u00a0\u00bb||||||||\u00a0\u00bb header_2_font=\u00a0\u00bbMontserrat|700||on|||||\u00a0\u00bb header_2_line_height=\u00a0\u00bb1.4em\u00a0\u00bb custom_margin=\u00a0\u00bb|||\u00a0\u00bb custom_padding=\u00a0\u00bb|||30px\u00a0\u00bb custom_padding_tablet=\u00a0\u00bb|||30px\u00a0\u00bb custom_padding_phone=\u00a0\u00bb|||10px|false|false\u00a0\u00bb custom_padding_last_edited=\u00a0\u00bbon|phone\u00a0\u00bb animation_direction=\u00a0\u00bbleft\u00a0\u00bb header_2_font_size_tablet=\u00a0\u00bb\u00a0\u00bb header_2_font_size_phone=\u00a0\u00bb24px\u00a0\u00bb header_2_font_size_last_edited=\u00a0\u00bbon|phone\u00a0\u00bb border_color_all=\u00a0\u00bb#B6519A\u00a0\u00bb border_width_left=\u00a0\u00bb10px\u00a0\u00bb global_colors_info=\u00a0\u00bb{}\u00a0\u00bb]<\/p>\n<h2>Le d\u00e9tEcteur de fum\u00e9e<\/h2>\n<p>[\/et_pb_text][et_pb_text admin_label=\u00a0\u00bbSubtitle\u00a0\u00bb _builder_version=\u00a0\u00bb4.16&Prime; text_font=\u00a0\u00bbMontserrat||||||||\u00a0\u00bb text_font_size=\u00a0\u00bb16px\u00a0\u00bb header_font=\u00a0\u00bbMontserrat||||||||\u00a0\u00bb max_width_tablet=\u00a0\u00bb\u00a0\u00bb max_width_phone=\u00a0\u00bb\u00a0\u00bb max_width_last_edited=\u00a0\u00bbon|desktop\u00a0\u00bb custom_padding=\u00a0\u00bb|||\u00a0\u00bb animation_direction=\u00a0\u00bbleft\u00a0\u00bb locked=\u00a0\u00bboff\u00a0\u00bb global_colors_info=\u00a0\u00bb{}\u00a0\u00bb]<\/p>\n<p style=\"text-align: justify;\">Quelques chiffres \u00e9loquents :<\/p>\n<ul style=\"text-align: justify;\">\n<li style=\"text-align: justify;\">1 incendie toutes les deux minutes<\/li>\n<li style=\"text-align: justify;\">10 000 bless\u00e9s\/800 d\u00e9c\u00e8s chaque ann\u00e9e<\/li>\n<li style=\"text-align: justify;\">1 fran\u00e7ais sur 3 victime d\u2019un incendie au cours de sa vie<\/li>\n<\/ul>\n<p style=\"text-align: justify;\">En pr\u00e9venant avant qu\u2019il ne soit trop tard, le d\u00e9tecteur de fum\u00e9e <a href=\"http:\/\/www.1viesauveeparjour.fr\/\">sauve des vies<\/a> ! Le d\u00e9tecteur avertisseur autonome de fum\u00e9e (DAAF) v\u00e9rifie en permanence la pr\u00e9sence de fum\u00e9e. Il est dot\u00e9 d\u2019un avertisseur sonore suffisamment puissant pour r\u00e9veiller une personne endormie. Son installation est devenue <strong>obligatoire<\/strong> dans tous les logements depuis 2015. Afin de garantir la s\u00e9curit\u00e9 du logement, l\u2019emplacement et le type de d\u00e9tecteur doivent \u00eatre choisis avec soin.<\/p>\n<p>[\/et_pb_text][et_pb_video src=\u00a0\u00bbhttps:\/\/www.tertrais.com\/vendee\/wp-content\/uploads\/2021\/05\/En-securite-avec-un-detecteur-de-fumee-Ei-Electronics.mp4&Prime; image_src=\u00a0\u00bb\/\/i.ytimg.com\/vi\/QedUG1Fm97c\/hqdefault.jpg\u00a0\u00bb _builder_version=\u00a0\u00bb4.16&Prime; _module_preset=\u00a0\u00bbdefault\u00a0\u00bb global_colors_info=\u00a0\u00bb{}\u00a0\u00bb][\/et_pb_video][et_pb_blurb title=\u00a0\u00bbLes plus Tertrais : une offre globale\u00a0\u00bb use_icon=\u00a0\u00bbon\u00a0\u00bb font_icon=\u00a0\u00bb&#x50;||divi||400&Prime; icon_color=\u00a0\u00bb#B6519A\u00a0\u00bb icon_placement=\u00a0\u00bbleft\u00a0\u00bb image_icon_width=\u00a0\u00bb80px\u00a0\u00bb content_max_width=\u00a0\u00bb780px\u00a0\u00bb icon_placement_tablet=\u00a0\u00bbleft\u00a0\u00bb icon_placement_phone=\u00a0\u00bbtop\u00a0\u00bb icon_placement_last_edited=\u00a0\u00bbon|phone\u00a0\u00bb _builder_version=\u00a0\u00bb4.16&Prime; _module_preset=\u00a0\u00bbdefault\u00a0\u00bb header_level=\u00a0\u00bbh3&Prime; header_font=\u00a0\u00bbMontserrat|600|||||||\u00a0\u00bb header_font_size=\u00a0\u00bb18px\u00a0\u00bb body_font=\u00a0\u00bbMontserrat||||||||\u00a0\u00bb body_font_size=\u00a0\u00bb16px\u00a0\u00bb custom_margin=\u00a0\u00bb50px||50px||true|false\u00a0\u00bb custom_padding=\u00a0\u00bb20px||20px||true|false\u00a0\u00bb custom_padding_tablet=\u00a0\u00bb20px||20px||true|false\u00a0\u00bb custom_padding_phone=\u00a0\u00bb20px|10px|20px|10px|true|true\u00a0\u00bb custom_padding_last_edited=\u00a0\u00bbon|phone\u00a0\u00bb box_shadow_style=\u00a0\u00bbpreset3&Prime; icon_font_size=\u00a0\u00bb80px\u00a0\u00bb global_colors_info=\u00a0\u00bb{}\u00a0\u00bb]<\/p>\n<p>&#8211; Experts dans la s\u00e9curit\u00e9 nos installateurs d\u00e9terminent avec vous l\u2019emplacement le plus judicieux pour votre installation.<\/p>\n<p>&#8211; PVI Tertrais choisit ses fournisseurs pour leur s\u00e9rieux et leur exp\u00e9rience afin d\u2019offrir le meilleur de la s\u00e9curit\u00e9. Les d\u00e9tecteurs install\u00e9s r\u00e9pondent \u00e0 un cahier des charges exigeant en termes de fiabilit\u00e9 et d\u2019exp\u00e9rience<\/p>\n<p>&#8211; Maintenance annuelle en option (changement de piles annuelle et test de transmission \u00e0 la station de t\u00e9l\u00e9surveillance).<\/p>\n<p>[\/et_pb_blurb][et_pb_text admin_label=\u00a0\u00bbTitle\u00a0\u00bb _builder_version=\u00a0\u00bb4.16&Prime; text_font=\u00a0\u00bbMontserrat|700||on|||||\u00a0\u00bb text_font_size=\u00a0\u00bb18px\u00a0\u00bb header_font=\u00a0\u00bb||||||||\u00a0\u00bb header_2_font=\u00a0\u00bbMontserrat|700||on|||||\u00a0\u00bb header_2_line_height=\u00a0\u00bb1.4em\u00a0\u00bb custom_margin=\u00a0\u00bb|||\u00a0\u00bb custom_padding=\u00a0\u00bb|||30px\u00a0\u00bb animation_direction=\u00a0\u00bbleft\u00a0\u00bb header_2_font_size_tablet=\u00a0\u00bb\u00a0\u00bb header_2_font_size_phone=\u00a0\u00bb24px\u00a0\u00bb header_2_font_size_last_edited=\u00a0\u00bbon|phone\u00a0\u00bb border_color_all=\u00a0\u00bb#B6519A\u00a0\u00bb border_width_left=\u00a0\u00bb10px\u00a0\u00bb global_colors_info=\u00a0\u00bb{}\u00a0\u00bb]<\/p>\n<p>Diff\u00e9rents types de d\u00e9tecteurs de fum\u00e9e<\/p>\n<p>[\/et_pb_text][et_pb_text _builder_version=\u00a0\u00bb4.16&Prime; _module_preset=\u00a0\u00bbdefault\u00a0\u00bb text_font=\u00a0\u00bbMontserrat||||||||\u00a0\u00bb text_font_size=\u00a0\u00bb16px\u00a0\u00bb global_colors_info=\u00a0\u00bb{}\u00a0\u00bb]<\/p>\n<p>Il existe diff\u00e9rentes options pour le d\u00e9tecteur de fum\u00e9e.<\/p>\n<p>[\/et_pb_text][et_pb_accordion open_toggle_background_color=\u00a0\u00bbrgba(0,0,0,0)\u00a0\u00bb closed_toggle_text_color=\u00a0\u00bb#000000&Prime; closed_toggle_background_color=\u00a0\u00bbrgba(0,0,0,0)\u00a0\u00bb icon_color=\u00a0\u00bb#B6519A\u00a0\u00bb _builder_version=\u00a0\u00bb4.16&Prime; toggle_level=\u00a0\u00bbh4&Prime; toggle_font=\u00a0\u00bbBungee||||||||\u00a0\u00bb toggle_font_size=\u00a0\u00bb14px\u00a0\u00bb toggle_line_height=\u00a0\u00bb1.5em\u00a0\u00bb body_font=\u00a0\u00bbMontserrat||||||||\u00a0\u00bb body_font_size=\u00a0\u00bb16px\u00a0\u00bb body_line_height=\u00a0\u00bb1.8em\u00a0\u00bb animation_direction=\u00a0\u00bbtop\u00a0\u00bb border_width_all=\u00a0\u00bb0px\u00a0\u00bb border_width_bottom=\u00a0\u00bb2px\u00a0\u00bb global_colors_info=\u00a0\u00bb{}\u00a0\u00bb][et_pb_accordion_item title=\u00a0\u00bbLe d\u00e9tecteur de fum\u00e9e autonome\u00a0\u00bb open=\u00a0\u00bbon\u00a0\u00bb icon_color=\u00a0\u00bb#B6519A\u00a0\u00bb _builder_version=\u00a0\u00bb4.16&Prime; body_font=\u00a0\u00bbMontserrat||||||||\u00a0\u00bb body_font_size=\u00a0\u00bb16px\u00a0\u00bb custom_margin=\u00a0\u00bb||0px|\u00a0\u00bb custom_padding=\u00a0\u00bb|0px||0px||true\u00a0\u00bb global_colors_info=\u00a0\u00bb{}\u00a0\u00bb toggle_level=\u00a0\u00bbh5&Prime; toggle_font=\u00a0\u00bbMontserrat|700||on|||||\u00a0\u00bb toggle_font_size=\u00a0\u00bb15px\u00a0\u00bb closed_toggle_font=\u00a0\u00bbMontserrat|700||on|||||\u00a0\u00bb closed_toggle_font_size=\u00a0\u00bb15px\u00a0\u00bb]<\/p>\n<p>Il fonctionne seul, l\u2019inconv\u00e9nient \u00e9tant que si l\u2019on ne se trouve pas dans la pi\u00e8ce, l\u2019habitant n\u2019est pas pr\u00e9venu.<\/p>\n<p>[\/et_pb_accordion_item][et_pb_accordion_item title=\u00a0\u00bbLe d\u00e9tecteur de fum\u00e9e connectable avec d\u2019autres d\u00e9tecteurs\u00a0\u00bb icon_color=\u00a0\u00bb#B6519A\u00a0\u00bb _builder_version=\u00a0\u00bb4.16&Prime; body_font=\u00a0\u00bbMontserrat||||||||\u00a0\u00bb body_font_size=\u00a0\u00bb16px\u00a0\u00bb custom_margin=\u00a0\u00bb||0px|\u00a0\u00bb custom_padding=\u00a0\u00bb|0px||0px||true\u00a0\u00bb global_colors_info=\u00a0\u00bb{}\u00a0\u00bb toggle_level=\u00a0\u00bbh5&Prime; toggle_font=\u00a0\u00bbMontserrat|700||on|||||\u00a0\u00bb toggle_font_size=\u00a0\u00bb15px\u00a0\u00bb closed_toggle_font=\u00a0\u00bbMontserrat|700||on|||||\u00a0\u00bb closed_toggle_font_size=\u00a0\u00bb15px\u00a0\u00bb open=\u00a0\u00bboff\u00a0\u00bb]<\/p>\n<p>Ce dispositif permet de synchroniser les alarmes entre les \u00e9tages. Ce produit est tout \u00e0 fait adapt\u00e9 pour les maisons \u00e0 \u00e9tages ou les b\u00e2timents ayant une surface importante.<\/p>\n<p>[\/et_pb_accordion_item][et_pb_accordion_item title=\u00a0\u00bbLe d\u00e9tecteur de fum\u00e9e connect\u00e9 \u00e0 l\u2019alarme\u00a0\u00bb icon_color=\u00a0\u00bb#B6519A\u00a0\u00bb _builder_version=\u00a0\u00bb4.16&Prime; body_font=\u00a0\u00bbMontserrat||||||||\u00a0\u00bb body_font_size=\u00a0\u00bb16px\u00a0\u00bb custom_margin=\u00a0\u00bb||0px|\u00a0\u00bb custom_padding=\u00a0\u00bb|0px||0px||true\u00a0\u00bb global_colors_info=\u00a0\u00bb{}\u00a0\u00bb toggle_level=\u00a0\u00bbh5&Prime; toggle_font=\u00a0\u00bbMontserrat|700||on|||||\u00a0\u00bb toggle_font_size=\u00a0\u00bb15px\u00a0\u00bb closed_toggle_font=\u00a0\u00bbMontserrat|700||on|||||\u00a0\u00bb closed_toggle_font_size=\u00a0\u00bb15px\u00a0\u00bb open=\u00a0\u00bboff\u00a0\u00bb]<\/p>\n<p>Dans cette configuration, le d\u00e9tecteur se met en marche tout comme une alarme intrusion permettant de pr\u00e9venir les habitants et les voisins. Si vous b\u00e9n\u00e9ficiez de <a href=\"https:\/\/www.tertrais.com\/vendee\/la-telesurveillance-pour-un-niveau-maximal-de-securite\/\">notre service de t\u00e9l\u00e9surveillance<\/a>, le moindre d\u00e9clenchement de votre d\u00e9tecteur incendie pourra \u00eatre trait\u00e9 par notre station de t\u00e9l\u00e9surveillance (24 heures\/24, 7 jours\/7). Ceci garantit une prise en charge imm\u00e9diate de cette information, contrairement \u00e0 la r\u00e9ception al\u00e9atoire d\u2019un e-mail ou SMS sur votre portable.<\/p>\n<p>[\/et_pb_accordion_item][\/et_pb_accordion][et_pb_text _builder_version=\u00a0\u00bb4.16&Prime; _module_preset=\u00a0\u00bbdefault\u00a0\u00bb text_font=\u00a0\u00bbMontserrat||||||||\u00a0\u00bb text_font_size=\u00a0\u00bb16px\u00a0\u00bb global_colors_info=\u00a0\u00bb{}\u00a0\u00bb]Certains d\u00e9tecteurs de fum\u00e9e peuvent \u00eatre directement branch\u00e9s sur secteur. Ceci les rend beaucoup plus fiables et non plus soumis \u00e0 un changement de pile qui peut \u00eatre oubli\u00e9.[\/et_pb_text][et_pb_text admin_label=\u00a0\u00bbTitle\u00a0\u00bb _builder_version=\u00a0\u00bb4.16&Prime; text_font=\u00a0\u00bbMontserrat|700||on|||||\u00a0\u00bb text_font_size=\u00a0\u00bb18px\u00a0\u00bb header_font=\u00a0\u00bb||||||||\u00a0\u00bb header_2_font=\u00a0\u00bbMontserrat|700||on|||||\u00a0\u00bb header_2_line_height=\u00a0\u00bb1.4em\u00a0\u00bb custom_margin=\u00a0\u00bb|||\u00a0\u00bb custom_padding=\u00a0\u00bb|||30px\u00a0\u00bb animation_direction=\u00a0\u00bbleft\u00a0\u00bb header_2_font_size_tablet=\u00a0\u00bb\u00a0\u00bb header_2_font_size_phone=\u00a0\u00bb24px\u00a0\u00bb header_2_font_size_last_edited=\u00a0\u00bbon|phone\u00a0\u00bb border_color_all=\u00a0\u00bb#B6519A\u00a0\u00bb border_width_left=\u00a0\u00bb10px\u00a0\u00bb global_colors_info=\u00a0\u00bb{}\u00a0\u00bb]<\/p>\n<p>O\u00f9 installer le d\u00e9tecteur de fum\u00e9e ?<\/p>\n<p>[\/et_pb_text][et_pb_text admin_label=\u00a0\u00bbSubtitle\u00a0\u00bb _builder_version=\u00a0\u00bb4.16&Prime; text_font=\u00a0\u00bbMontserrat||||||||\u00a0\u00bb text_font_size=\u00a0\u00bb16px\u00a0\u00bb max_width_tablet=\u00a0\u00bb\u00a0\u00bb max_width_phone=\u00a0\u00bb\u00a0\u00bb max_width_last_edited=\u00a0\u00bbon|desktop\u00a0\u00bb custom_padding=\u00a0\u00bb|||\u00a0\u00bb animation_direction=\u00a0\u00bbleft\u00a0\u00bb locked=\u00a0\u00bboff\u00a0\u00bb global_colors_info=\u00a0\u00bb{}\u00a0\u00bb]<\/p>\n<p>Le choix de l\u2019emplacement du d\u00e9tecteur joue un r\u00f4le fondamental pour la s\u00e9curit\u00e9 du logement. Pour une surface sup\u00e9rieure \u00e0 80 m\u00b2, il convient d\u2019installer plusieurs d\u00e9tecteurs. Si le b\u00e2timent ou le logement poss\u00e8de un ou plusieurs \u00e9tages, il faudra pr\u00e9voir un d\u00e9tecteur par \u00e9tage. Dans une cuisine par exemple, il faudra privil\u00e9gier le d\u00e9tecteur de chaleur \u00e0 cause des fum\u00e9es d\u00e9gag\u00e9es par la cuisson.<\/p>\n<p>[\/et_pb_text][et_pb_text admin_label=\u00a0\u00bbTitle\u00a0\u00bb _builder_version=\u00a0\u00bb4.16&Prime; text_font=\u00a0\u00bbMontserrat|700||on|||||\u00a0\u00bb text_font_size=\u00a0\u00bb18px\u00a0\u00bb header_font=\u00a0\u00bb||||||||\u00a0\u00bb header_2_font=\u00a0\u00bbMontserrat|700||on|||||\u00a0\u00bb header_2_line_height=\u00a0\u00bb1.4em\u00a0\u00bb custom_margin=\u00a0\u00bb|||\u00a0\u00bb custom_padding=\u00a0\u00bb|||30px\u00a0\u00bb animation_direction=\u00a0\u00bbleft\u00a0\u00bb header_2_font_size_tablet=\u00a0\u00bb\u00a0\u00bb header_2_font_size_phone=\u00a0\u00bb24px\u00a0\u00bb header_2_font_size_last_edited=\u00a0\u00bbon|phone\u00a0\u00bb border_color_all=\u00a0\u00bb#B6519A\u00a0\u00bb border_width_left=\u00a0\u00bb10px\u00a0\u00bb global_colors_info=\u00a0\u00bb{}\u00a0\u00bb]Quelles sont les normes \u00e0 respecter ?[\/et_pb_text][et_pb_text admin_label=\u00a0\u00bbSubtitle\u00a0\u00bb _builder_version=\u00a0\u00bb4.16&Prime; text_font=\u00a0\u00bbMontserrat||||||||\u00a0\u00bb text_font_size=\u00a0\u00bb16px\u00a0\u00bb max_width_tablet=\u00a0\u00bb\u00a0\u00bb max_width_phone=\u00a0\u00bb\u00a0\u00bb max_width_last_edited=\u00a0\u00bbon|desktop\u00a0\u00bb custom_padding=\u00a0\u00bb|||\u00a0\u00bb animation_direction=\u00a0\u00bbleft\u00a0\u00bb locked=\u00a0\u00bboff\u00a0\u00bb global_colors_info=\u00a0\u00bb{}\u00a0\u00bb]L\u2019installation d\u2019un d\u00e9tecteur de fum\u00e9e est devenue obligatoire depuis 2015. Ces installations doivent r\u00e9pondre aux normes NF et CE et faire l\u2019objet d\u2019une v\u00e9rification r\u00e9guli\u00e8re.[\/et_pb_text][et_pb_blurb title=\u00a0\u00bbMaintenance\u00a0\u00bb image=\u00a0\u00bbhttps:\/\/www.tertrais.com\/vendee\/wp-content\/uploads\/2021\/05\/survey.jpg\u00a0\u00bb icon_placement=\u00a0\u00bbleft\u00a0\u00bb image_icon_width=\u00a0\u00bb80px\u00a0\u00bb content_max_width=\u00a0\u00bb780px\u00a0\u00bb icon_placement_tablet=\u00a0\u00bbleft\u00a0\u00bb icon_placement_phone=\u00a0\u00bbtop\u00a0\u00bb icon_placement_last_edited=\u00a0\u00bbon|phone\u00a0\u00bb _builder_version=\u00a0\u00bb4.16&Prime; _module_preset=\u00a0\u00bbdefault\u00a0\u00bb header_level=\u00a0\u00bbh3&Prime; header_font=\u00a0\u00bbMontserrat|600|||||||\u00a0\u00bb header_font_size=\u00a0\u00bb18px\u00a0\u00bb body_font=\u00a0\u00bbMontserrat||||||||\u00a0\u00bb body_font_size=\u00a0\u00bb16px\u00a0\u00bb custom_margin=\u00a0\u00bb50px||50px||true|false\u00a0\u00bb custom_padding=\u00a0\u00bb20px||20px||true|false\u00a0\u00bb custom_padding_tablet=\u00a0\u00bb20px||20px||true|false\u00a0\u00bb custom_padding_phone=\u00a0\u00bb20px|10px|20px|10px|true|true\u00a0\u00bb custom_padding_last_edited=\u00a0\u00bbon|phone\u00a0\u00bb box_shadow_style=\u00a0\u00bbpreset3&Prime; image_max_width=\u00a0\u00bb100px\u00a0\u00bb global_colors_info=\u00a0\u00bb{}\u00a0\u00bb]<\/p>\n<p>Afin de garantir son bon fonctionnement, <strong>le d\u00e9tecteur de fum\u00e9e doit \u00eatre v\u00e9rifi\u00e9 annuellement<\/strong>, c\u2019est pourquoi PVI Tertrais propose un contrat de maintenance sur 5 ans.<\/p>\n<p>&nbsp;<\/p>\n<p>[\/et_pb_blurb][et_pb_code module_id=\u00a0\u00bbfin\u00a0\u00bb _builder_version=\u00a0\u00bb4.16&Prime; _module_preset=\u00a0\u00bbdefault\u00a0\u00bb global_colors_info=\u00a0\u00bb{}\u00a0\u00bb][\/et_pb_code][\/et_pb_column][et_pb_column type=\u00a0\u00bb1_3&Prime; module_id=\u00a0\u00bbsticky\u00a0\u00bb _builder_version=\u00a0\u00bb4.16&Prime; custom_padding=\u00a0\u00bb|||\u00a0\u00bb global_colors_info=\u00a0\u00bb{}\u00a0\u00bb custom_padding__hover=\u00a0\u00bb|||\u00a0\u00bb][et_pb_blurb title=\u00a0\u00bbObtenir un devis\u00a0\u00bb url=\u00a0\u00bb#devis\u00a0\u00bb image=\u00a0\u00bbhttps:\/\/www.tertrais.com\/vendee\/wp-content\/uploads\/2021\/05\/detecteur-de-fumee.png\u00a0\u00bb _builder_version=\u00a0\u00bb4.24.2&Prime; header_font=\u00a0\u00bbMontserrat|800||on|||||\u00a0\u00bb header_font_size=\u00a0\u00bb15px\u00a0\u00bb background_color=\u00a0\u00bb#B6519A\u00a0\u00bb text_orientation=\u00a0\u00bbcenter\u00a0\u00bb background_layout=\u00a0\u00bbdark\u00a0\u00bb custom_margin=\u00a0\u00bb|||\u00a0\u00bb custom_padding=\u00a0\u00bb||20px|\u00a0\u00bb animation=\u00a0\u00bboff\u00a0\u00bb link_option_url=\u00a0\u00bb#devis\u00a0\u00bb border_radii=\u00a0\u00bbon|3px|3px|3px|3px\u00a0\u00bb global_colors_info=\u00a0\u00bb{}\u00a0\u00bb background__hover_enabled=\u00a0\u00bbon|hover\u00a0\u00bb background_color__hover=\u00a0\u00bb#000000&Prime; background_enable_color__hover=\u00a0\u00bbon\u00a0\u00bb][\/et_pb_blurb][et_pb_text _builder_version=\u00a0\u00bb4.27.4&Prime; _module_preset=\u00a0\u00bbdefault\u00a0\u00bb text_font=\u00a0\u00bbMontserrat|700|||||||\u00a0\u00bb text_text_color=\u00a0\u00bb#B6519A\u00a0\u00bb text_font_size=\u00a0\u00bb25px\u00a0\u00bb link_option_url=\u00a0\u00bbtel:02 51 29 20 20&Prime; hover_enabled=\u00a0\u00bb0&Prime; global_colors_info=\u00a0\u00bb{}\u00a0\u00bb text_text_color__hover_enabled=\u00a0\u00bbon|hover\u00a0\u00bb text_text_color__hover=\u00a0\u00bb#000000&Prime; sticky_enabled=\u00a0\u00bb0&Prime;]<\/p>\n<p style=\"text-align: center;\">02 51 29 20 20<\/p>\n<p>[\/et_pb_text][\/et_pb_column][\/et_pb_row][\/et_pb_section]<\/p>\n","protected":false},"excerpt":{"rendered":"<p>LE D\u00c9TECTEUR DE FUM\u00c9ELe d\u00e9tEcteur de fum\u00e9eQuelques chiffres \u00e9loquents : 1 incendie toutes les deux minutes 10 000 bless\u00e9s\/800 d\u00e9c\u00e8s chaque ann\u00e9e 1 fran\u00e7ais sur 3 victime d\u2019un incendie au cours de sa vie En pr\u00e9venant avant qu\u2019il ne soit trop tard, le d\u00e9tecteur de fum\u00e9e sauve des vies ! Le d\u00e9tecteur avertisseur autonome de [&hellip;]<\/p>\n","protected":false},"author":1,"featured_media":0,"parent":0,"menu_order":0,"comment_status":"closed","ping_status":"closed","template":"","meta":{"_acf_changed":false,"_seopress_robots_primary_cat":"","_seopress_titles_title":"Installation D\u00e9tecteur de Fum\u00e9e en Vend\u00e9e | Tertrais Sauvegarde","_seopress_titles_desc":"Indispensable pour la s\u00e9curit\u00e9, le d\u00e9tecteur de fum\u00e9e est votre premier rempart contre les incendies. Tertrais Sauvegarde assure son installation en Vend\u00e9e.","_seopress_robots_index":"","_et_pb_use_builder":"on","_et_pb_old_content":"","_et_gb_content_width":"","footnotes":""},"class_list":["post-25470","page","type-page","status-publish","hentry"],"acf":[],"_links":{"self":[{"href":"https:\/\/www.tertrais.com\/vendee\/wp-json\/wp\/v2\/pages\/25470","targetHints":{"allow":["GET"]}}],"collection":[{"href":"https:\/\/www.tertrais.com\/vendee\/wp-json\/wp\/v2\/pages"}],"about":[{"href":"https:\/\/www.tertrais.com\/vendee\/wp-json\/wp\/v2\/types\/page"}],"author":[{"embeddable":true,"href":"https:\/\/www.tertrais.com\/vendee\/wp-json\/wp\/v2\/users\/1"}],"replies":[{"embeddable":true,"href":"https:\/\/www.tertrais.com\/vendee\/wp-json\/wp\/v2\/comments?post=25470"}],"version-history":[{"count":3,"href":"https:\/\/www.tertrais.com\/vendee\/wp-json\/wp\/v2\/pages\/25470\/revisions"}],"predecessor-version":[{"id":27656,"href":"https:\/\/www.tertrais.com\/vendee\/wp-json\/wp\/v2\/pages\/25470\/revisions\/27656"}],"wp:attachment":[{"href":"https:\/\/www.tertrais.com\/vendee\/wp-json\/wp\/v2\/media?parent=25470"}],"curies":[{"name":"wp","href":"https:\/\/api.w.org\/{rel}","templated":true}]}}