{"id":25708,"date":"2021-05-25T16:55:52","date_gmt":"2021-05-25T14:55:52","guid":{"rendered":"https:\/\/www.tertrais.com\/vendee\/?page_id=25708"},"modified":"2024-12-10T22:33:01","modified_gmt":"2024-12-10T21:33:01","slug":"maintenance-et-verification-dextincteurs","status":"publish","type":"page","link":"https:\/\/www.tertrais.com\/vendee\/maintenance-et-verification-dextincteurs\/","title":{"rendered":"Maintenance et v\u00e9rification d\u2019extincteurs"},"content":{"rendered":"<p>[et_pb_section fb_built=\u00a0\u00bb1&Prime; _builder_version=\u00a0\u00bb4.16&Prime; _module_preset=\u00a0\u00bbdefault\u00a0\u00bb background_color=\u00a0\u00bbrgba(64,64,66,0.71)\u00a0\u00bb background_image=\u00a0\u00bbhttps:\/\/www.tertrais.com\/vendee\/wp-content\/uploads\/2021\/05\/close-up-red-fire-extinguishers-tank.jpg\u00a0\u00bb background_blend=\u00a0\u00bbmultiply\u00a0\u00bb global_colors_info=\u00a0\u00bb{}\u00a0\u00bb][et_pb_row _builder_version=\u00a0\u00bb4.16&Prime; _module_preset=\u00a0\u00bbdefault\u00a0\u00bb global_colors_info=\u00a0\u00bb{}\u00a0\u00bb][et_pb_column type=\u00a0\u00bb4_4&Prime; _builder_version=\u00a0\u00bb4.16&Prime; _module_preset=\u00a0\u00bbdefault\u00a0\u00bb global_colors_info=\u00a0\u00bb{}\u00a0\u00bb][et_pb_text _builder_version=\u00a0\u00bb4.16&Prime; _module_preset=\u00a0\u00bbdefault\u00a0\u00bb header_font=\u00a0\u00bbMontserrat|600||on|||||\u00a0\u00bb header_text_color=\u00a0\u00bb#FFFFFF\u00a0\u00bb global_colors_info=\u00a0\u00bb{}\u00a0\u00bb]<\/p>\n<h1>Maintenance et v\u00e9rification d\u2019extincteurs<\/h1>\n<p>[\/et_pb_text][\/et_pb_column][\/et_pb_row][\/et_pb_section][et_pb_section fb_built=\u00a0\u00bb1&Prime; admin_label=\u00a0\u00bbService Section\u00a0\u00bb _builder_version=\u00a0\u00bb4.16&Prime; background_enable_image=\u00a0\u00bboff\u00a0\u00bb background_size=\u00a0\u00bbinitial\u00a0\u00bb module_alignment=\u00a0\u00bbright\u00a0\u00bb custom_padding=\u00a0\u00bb2vw||2vw||true|false\u00a0\u00bb global_colors_info=\u00a0\u00bb{}\u00a0\u00bb][et_pb_row column_structure=\u00a0\u00bb2_3,1_3&Prime; custom_padding_last_edited=\u00a0\u00bbon|phone\u00a0\u00bb admin_label=\u00a0\u00bbService Area\u00a0\u00bb _builder_version=\u00a0\u00bb4.16&Prime; background_color=\u00a0\u00bb#ffffff\u00a0\u00bb max_width=\u00a0\u00bb1440px\u00a0\u00bb custom_margin=\u00a0\u00bb|||\u00a0\u00bb custom_padding=\u00a0\u00bb80px|60px|80px|60px|false|true\u00a0\u00bb custom_padding_tablet=\u00a0\u00bb\u00a0\u00bb custom_padding_phone=\u00a0\u00bb30px|30px|30px|30px|true|true\u00a0\u00bb box_shadow_style=\u00a0\u00bbpreset3&Prime; box_shadow_vertical=\u00a0\u00bb80px\u00a0\u00bb box_shadow_blur=\u00a0\u00bb200px\u00a0\u00bb box_shadow_spread=\u00a0\u00bb-40px\u00a0\u00bb use_custom_width=\u00a0\u00bbon\u00a0\u00bb custom_width_px=\u00a0\u00bb1440px\u00a0\u00bb locked=\u00a0\u00bboff\u00a0\u00bb global_colors_info=\u00a0\u00bb{}\u00a0\u00bb][et_pb_column type=\u00a0\u00bb2_3&Prime; _builder_version=\u00a0\u00bb4.16&Prime; custom_padding=\u00a0\u00bb|||\u00a0\u00bb custom_padding_tablet=\u00a0\u00bb70px|8%||12%\u00a0\u00bb custom_padding_last_edited=\u00a0\u00bboff|desktop\u00a0\u00bb global_colors_info=\u00a0\u00bb{}\u00a0\u00bb custom_padding__hover=\u00a0\u00bb|||\u00a0\u00bb][et_pb_text admin_label=\u00a0\u00bbTitle\u00a0\u00bb _builder_version=\u00a0\u00bb4.25.0&Prime; text_font=\u00a0\u00bb||||||||\u00a0\u00bb header_font=\u00a0\u00bb||||||||\u00a0\u00bb header_2_font=\u00a0\u00bbMontserrat|700||on|||||\u00a0\u00bb header_2_line_height=\u00a0\u00bb1.4em\u00a0\u00bb custom_margin=\u00a0\u00bb|||\u00a0\u00bb custom_padding=\u00a0\u00bb|||30px\u00a0\u00bb custom_padding_tablet=\u00a0\u00bb|||30px\u00a0\u00bb custom_padding_phone=\u00a0\u00bb|||10px|false|false\u00a0\u00bb custom_padding_last_edited=\u00a0\u00bbon|phone\u00a0\u00bb animation_direction=\u00a0\u00bbleft\u00a0\u00bb header_2_font_size_tablet=\u00a0\u00bb\u00a0\u00bb header_2_font_size_phone=\u00a0\u00bb24px\u00a0\u00bb header_2_font_size_last_edited=\u00a0\u00bbon|phone\u00a0\u00bb border_color_all=\u00a0\u00bb#B6519A\u00a0\u00bb border_width_left=\u00a0\u00bb10px\u00a0\u00bb global_colors_info=\u00a0\u00bb{}\u00a0\u00bb]<\/p>\n<h2>La Maintenance et v\u00e9rification d\u2019extincteurs<\/h2>\n<p>[\/et_pb_text][et_pb_text admin_label=\u00a0\u00bbSubtitle\u00a0\u00bb _builder_version=\u00a0\u00bb4.23.1&Prime; text_font=\u00a0\u00bbMontserrat||||||||\u00a0\u00bb text_font_size=\u00a0\u00bb16px\u00a0\u00bb max_width_tablet=\u00a0\u00bb\u00a0\u00bb max_width_phone=\u00a0\u00bb\u00a0\u00bb max_width_last_edited=\u00a0\u00bbon|desktop\u00a0\u00bb custom_padding=\u00a0\u00bb|||\u00a0\u00bb animation_direction=\u00a0\u00bbleft\u00a0\u00bb locked=\u00a0\u00bboff\u00a0\u00bb global_colors_info=\u00a0\u00bb{}\u00a0\u00bb]<\/p>\n<p style=\"text-align: justify;\">Pour r\u00e9pondre aux normes de s\u00e9curit\u00e9 et afin de maintenir la performance optimale de votre mat\u00e9riel de s\u00e9curit\u00e9 incendie, il convient de r\u00e9aliser l&rsquo;entretien annuel de vos <a href=\"https:\/\/www.tertrais.com\/vendee\/extincteur\/\">extincteurs<\/a> (entreprise, particulier, ERP). Cet entretien annuel est la garantie d&rsquo;une <a href=\"https:\/\/www.tertrais.com\/vendee\/prevention-incendie\/\">pr\u00e9vention incendie<\/a> maximale.<\/p>\n<p>[\/et_pb_text][et_pb_text admin_label=\u00a0\u00bbTitle\u00a0\u00bb _builder_version=\u00a0\u00bb4.23.1&Prime; text_font=\u00a0\u00bbMontserrat|700||on|||||\u00a0\u00bb text_font_size=\u00a0\u00bb18px\u00a0\u00bb header_font=\u00a0\u00bb||||||||\u00a0\u00bb header_2_font=\u00a0\u00bbMontserrat|700||on|||||\u00a0\u00bb header_2_line_height=\u00a0\u00bb1.4em\u00a0\u00bb custom_margin=\u00a0\u00bb|||\u00a0\u00bb custom_padding=\u00a0\u00bb|||30px\u00a0\u00bb animation_direction=\u00a0\u00bbleft\u00a0\u00bb header_2_font_size_tablet=\u00a0\u00bb\u00a0\u00bb header_2_font_size_phone=\u00a0\u00bb24px\u00a0\u00bb header_2_font_size_last_edited=\u00a0\u00bbon|phone\u00a0\u00bb border_color_all=\u00a0\u00bb#B6519A\u00a0\u00bb border_width_left=\u00a0\u00bb10px\u00a0\u00bb global_colors_info=\u00a0\u00bb{}\u00a0\u00bb]<\/p>\n<p>Entretenir son extincteur pour une s\u00e9r\u00e9nit\u00e9 optimale<\/p>\n<p>[\/et_pb_text][et_pb_blurb title=\u00a0\u00bbLe saviez-vous ?\u00a0\u00bb image=\u00a0\u00bbhttps:\/\/www.tertrais.com\/vendee\/wp-content\/uploads\/2021\/05\/idea.jpg\u00a0\u00bb icon_placement=\u00a0\u00bbleft\u00a0\u00bb image_icon_width=\u00a0\u00bb80px\u00a0\u00bb content_max_width=\u00a0\u00bb780px\u00a0\u00bb icon_placement_tablet=\u00a0\u00bbleft\u00a0\u00bb icon_placement_phone=\u00a0\u00bbtop\u00a0\u00bb icon_placement_last_edited=\u00a0\u00bbon|phone\u00a0\u00bb _builder_version=\u00a0\u00bb4.16&Prime; _module_preset=\u00a0\u00bbdefault\u00a0\u00bb header_level=\u00a0\u00bbh3&Prime; header_font=\u00a0\u00bbMontserrat|600|||||||\u00a0\u00bb header_font_size=\u00a0\u00bb18px\u00a0\u00bb body_font=\u00a0\u00bbMontserrat||||||||\u00a0\u00bb body_font_size=\u00a0\u00bb16px\u00a0\u00bb custom_margin=\u00a0\u00bb50px||50px||true|false\u00a0\u00bb custom_padding=\u00a0\u00bb20px||20px||true|false\u00a0\u00bb custom_padding_tablet=\u00a0\u00bb20px||20px||true|false\u00a0\u00bb custom_padding_phone=\u00a0\u00bb20px|10px|20px|10px|true|true\u00a0\u00bb custom_padding_last_edited=\u00a0\u00bbon|phone\u00a0\u00bb box_shadow_style=\u00a0\u00bbpreset3&Prime; image_max_width=\u00a0\u00bb100px\u00a0\u00bb global_colors_info=\u00a0\u00bb{}\u00a0\u00bb]Toutes les deux minutes, un incendie se d\u00e9clare en France.<\/p>\n<p>Pour \u00e9teindre un incendie :<\/p>\n<p>au bout d\u2019<strong>une minute<\/strong> il faut <strong>un verre d\u2019eau<\/strong><br \/>\nau bout de<strong> 2 minute<\/strong>s il faut <strong>10 litres d\u2019eau<\/strong><br \/>\nau bout de <strong>5 minutes<\/strong> il faut <strong>1 000 litres d\u2019eau<\/strong><\/p>\n<p><strong>Ne prenez pas ce risque avec un exctincteur d\u00e9faillant !<\/strong>[\/et_pb_blurb][et_pb_image src=\u00a0\u00bbhttps:\/\/www.tertrais.com\/vendee\/wp-content\/uploads\/2021\/05\/fire-protection-engineering-inspection-services-the-red-fire-extinguishers-tank.jpg\u00a0\u00bb title_text=\u00a0\u00bbfire-protection-engineering-inspection-services-the-red-fire-extinguishers-tank\u00a0\u00bb _builder_version=\u00a0\u00bb4.16&Prime; _module_preset=\u00a0\u00bbdefault\u00a0\u00bb global_colors_info=\u00a0\u00bb{}\u00a0\u00bb][\/et_pb_image][et_pb_text admin_label=\u00a0\u00bbTitle\u00a0\u00bb _builder_version=\u00a0\u00bb4.16&Prime; text_font=\u00a0\u00bbMontserrat|700||on|||||\u00a0\u00bb text_font_size=\u00a0\u00bb18px\u00a0\u00bb header_font=\u00a0\u00bb||||||||\u00a0\u00bb header_2_font=\u00a0\u00bbMontserrat|700||on|||||\u00a0\u00bb header_2_line_height=\u00a0\u00bb1.4em\u00a0\u00bb custom_margin=\u00a0\u00bb|||\u00a0\u00bb custom_padding=\u00a0\u00bb|||30px\u00a0\u00bb animation_direction=\u00a0\u00bbleft\u00a0\u00bb header_2_font_size_tablet=\u00a0\u00bb\u00a0\u00bb header_2_font_size_phone=\u00a0\u00bb24px\u00a0\u00bb header_2_font_size_last_edited=\u00a0\u00bbon|phone\u00a0\u00bb border_color_all=\u00a0\u00bb#B6519A\u00a0\u00bb border_width_left=\u00a0\u00bb10px\u00a0\u00bb global_colors_info=\u00a0\u00bb{}\u00a0\u00bb]Plus d&rsquo;informations sur la maintenance[\/et_pb_text][et_pb_accordion open_toggle_background_color=\u00a0\u00bbrgba(0,0,0,0)\u00a0\u00bb closed_toggle_text_color=\u00a0\u00bb#000000&Prime; closed_toggle_background_color=\u00a0\u00bbrgba(0,0,0,0)\u00a0\u00bb icon_color=\u00a0\u00bb#B6519A\u00a0\u00bb _builder_version=\u00a0\u00bb4.16&Prime; toggle_level=\u00a0\u00bbh4&Prime; toggle_font=\u00a0\u00bbBungee||||||||\u00a0\u00bb toggle_font_size=\u00a0\u00bb14px\u00a0\u00bb toggle_line_height=\u00a0\u00bb1.5em\u00a0\u00bb body_font=\u00a0\u00bbMontserrat||||||||\u00a0\u00bb body_font_size=\u00a0\u00bb16px\u00a0\u00bb body_line_height=\u00a0\u00bb1.8em\u00a0\u00bb animation_direction=\u00a0\u00bbtop\u00a0\u00bb border_width_all=\u00a0\u00bb0px\u00a0\u00bb border_width_bottom=\u00a0\u00bb2px\u00a0\u00bb global_colors_info=\u00a0\u00bb{}\u00a0\u00bb][et_pb_accordion_item title=\u00a0\u00bbEn quoi consiste l\u2019entretien d\u2019un extincteur ?\u00a0\u00bb open=\u00a0\u00bbon\u00a0\u00bb icon_color=\u00a0\u00bb#B6519A\u00a0\u00bb _builder_version=\u00a0\u00bb4.16&Prime; body_font=\u00a0\u00bbMontserrat||||||||\u00a0\u00bb body_font_size=\u00a0\u00bb16px\u00a0\u00bb custom_margin=\u00a0\u00bb||0px|\u00a0\u00bb custom_padding=\u00a0\u00bb|0px||0px||true\u00a0\u00bb global_colors_info=\u00a0\u00bb{}\u00a0\u00bb toggle_level=\u00a0\u00bbh5&Prime; toggle_font=\u00a0\u00bbMontserrat|700||on|||||\u00a0\u00bb toggle_font_size=\u00a0\u00bb15px\u00a0\u00bb closed_toggle_font=\u00a0\u00bbMontserrat|700||on|||||\u00a0\u00bb closed_toggle_font_size=\u00a0\u00bb15px\u00a0\u00bb]Au cours de la visite de maintenance, notre technicien conseil proc\u00e8de aux v\u00e9rifications et tests suivants :<\/p>\n<ul>\n<li>V\u00e9rification de la visibilit\u00e9, de l\u2019accessibilit\u00e9 et du bon emplacement des extincteurs.<\/li>\n<li>Contr\u00f4le visuel de l\u2019\u00e9tat g\u00e9n\u00e9ral de l\u2019extincteur.<\/li>\n<li>Conseils de prise en main et de d\u2019utilisation en fonction des types de feu, du mat\u00e9riel et de l\u2019environnement du site.<\/li>\n<li>V\u00e9rification du syst\u00e8me : fonctionnement de la g\u00e2chette.<\/li>\n<li>V\u00e9rification de la cartouche de gaz, de l\u2019additif, de la poudre, bon \u00e9tat du percuteur, scell\u00e9 de s\u00e9curit\u00e9.<\/li>\n<li>V\u00e9rification de la pression, remplacement des joints.<\/li>\n<\/ul>\n<p>[\/et_pb_accordion_item][et_pb_accordion_item title=\u00a0\u00bbQue dit la r\u00e9glementation ? \u00a0\u00bb icon_color=\u00a0\u00bb#B6519A\u00a0\u00bb _builder_version=\u00a0\u00bb4.16&Prime; body_font=\u00a0\u00bbMontserrat||||||||\u00a0\u00bb body_font_size=\u00a0\u00bb16px\u00a0\u00bb custom_margin=\u00a0\u00bb||0px|\u00a0\u00bb custom_padding=\u00a0\u00bb|0px||0px||true\u00a0\u00bb global_colors_info=\u00a0\u00bb{}\u00a0\u00bb toggle_level=\u00a0\u00bbh5&Prime; toggle_font=\u00a0\u00bbMontserrat|700||on|||||\u00a0\u00bb toggle_font_size=\u00a0\u00bb15px\u00a0\u00bb closed_toggle_font=\u00a0\u00bbMontserrat|700||on|||||\u00a0\u00bb closed_toggle_font_size=\u00a0\u00bb15px\u00a0\u00bb open=\u00a0\u00bboff\u00a0\u00bb]Selon <a href=\"https:\/\/www.tertrais.com\/vendee\/extincteur\/\">le type d&rsquo;extincteur<\/a>, le type de maintenance \u00e0 effectuer n\u2019est pas exactement le m\u00eame. La norme NF S 61-919 stipule que tous les types d\u2019extincteurs doivent faire l\u2019objet d\u2019une maintenance annuelle.<\/p>\n<p>L\u2019entretien est du ressort d\u2019un professionnel agr\u00e9\u00e9. La maintenance doit \u00eatre effectu\u00e9e \u00e0 date r\u00e9guli\u00e8re, avec une tol\u00e9rance de deux mois (un mois avant ou un mois apr\u00e8s).<\/p>\n<p>Notre technicien conseil PVI Tertrais apposera une \u00e9tiquette sur votre contrat de maintenance et sur l\u2019extincteur. L\u2019inscription \u201cv\u00e9rifi\u00e9\u201d et la date de v\u00e9rification des extincteurs doivent \u00eatre clairement inscrits.<\/p>\n<p>Les \u00e9ventuelles difficult\u00e9s seront mentionn\u00e9es dans le registre de s\u00e9curit\u00e9 de l\u2019entreprise ou de l\u2019\u00e9tablissement. Ces documents sont \u00e0 fournir \u00e0 votre assureur en cas de sinistre.<\/p>\n<p>Selon la taille de votre b\u00e2timent, nous recommandons d\u2019opter pour une num\u00e9rotation de votre parc d&rsquo;appareils d&rsquo;extinction. Cette num\u00e9rotation rendra vos dispositifs plus simples \u00e0 rep\u00e9rer et \u00e0 identifier.[\/et_pb_accordion_item][\/et_pb_accordion][et_pb_code module_id=\u00a0\u00bbfin\u00a0\u00bb _builder_version=\u00a0\u00bb4.16&Prime; _module_preset=\u00a0\u00bbdefault\u00a0\u00bb global_colors_info=\u00a0\u00bb{}\u00a0\u00bb][\/et_pb_code][\/et_pb_column][et_pb_column type=\u00a0\u00bb1_3&Prime; module_id=\u00a0\u00bbsticky\u00a0\u00bb _builder_version=\u00a0\u00bb4.16&Prime; custom_padding=\u00a0\u00bb|||\u00a0\u00bb global_colors_info=\u00a0\u00bb{}\u00a0\u00bb custom_padding__hover=\u00a0\u00bb|||\u00a0\u00bb][et_pb_blurb title=\u00a0\u00bbobtenir un devis\u00a0\u00bb url=\u00a0\u00bb#devis\u00a0\u00bb image=\u00a0\u00bbhttps:\/\/www.tertrais.com\/vendee\/wp-content\/uploads\/2021\/05\/fire-extinguishers.jpg\u00a0\u00bb _builder_version=\u00a0\u00bb4.24.2&Prime; header_font=\u00a0\u00bbMontserrat|800||on|||||\u00a0\u00bb header_font_size=\u00a0\u00bb15px\u00a0\u00bb background_color=\u00a0\u00bb#B6519A\u00a0\u00bb text_orientation=\u00a0\u00bbcenter\u00a0\u00bb background_layout=\u00a0\u00bbdark\u00a0\u00bb custom_margin=\u00a0\u00bb|||\u00a0\u00bb custom_padding=\u00a0\u00bb||20px|\u00a0\u00bb animation=\u00a0\u00bboff\u00a0\u00bb link_option_url=\u00a0\u00bb#devis\u00a0\u00bb border_radii=\u00a0\u00bbon|3px|3px|3px|3px\u00a0\u00bb global_colors_info=\u00a0\u00bb{}\u00a0\u00bb background__hover_enabled=\u00a0\u00bbon|desktop\u00a0\u00bb background_color__hover=\u00a0\u00bb#000000&Prime; background_enable_color__hover=\u00a0\u00bbon\u00a0\u00bb][\/et_pb_blurb][et_pb_text _builder_version=\u00a0\u00bb4.27.4&Prime; _module_preset=\u00a0\u00bbdefault\u00a0\u00bb text_font=\u00a0\u00bbMontserrat|700|||||||\u00a0\u00bb text_text_color=\u00a0\u00bb#B6519A\u00a0\u00bb text_font_size=\u00a0\u00bb25px\u00a0\u00bb link_option_url=\u00a0\u00bbtel:02 51 29 20 20&Prime; hover_enabled=\u00a0\u00bb0&Prime; global_colors_info=\u00a0\u00bb{}\u00a0\u00bb text_text_color__hover_enabled=\u00a0\u00bbon|hover\u00a0\u00bb text_text_color__hover=\u00a0\u00bb#000000&Prime; sticky_enabled=\u00a0\u00bb0&Prime;]<\/p>\n<p style=\"text-align: center;\">02 51 29 20 20<\/p>\n<p>[\/et_pb_text][\/et_pb_column][\/et_pb_row][\/et_pb_section]<\/p>\n","protected":false},"excerpt":{"rendered":"<p>Maintenance et v\u00e9rification d\u2019extincteursLa Maintenance et v\u00e9rification d\u2019extincteursPour r\u00e9pondre aux normes de s\u00e9curit\u00e9 et afin de maintenir la performance optimale de votre mat\u00e9riel de s\u00e9curit\u00e9 incendie, il convient de r\u00e9aliser l&rsquo;entretien annuel de vos extincteurs (entreprise, particulier, ERP). Cet entretien annuel est la garantie d&rsquo;une pr\u00e9vention incendie maximale.Entretenir son extincteur pour une s\u00e9r\u00e9nit\u00e9 optimaleToutes les [&hellip;]<\/p>\n","protected":false},"author":1,"featured_media":0,"parent":0,"menu_order":0,"comment_status":"closed","ping_status":"closed","template":"","meta":{"_acf_changed":false,"_seopress_robots_primary_cat":"","_seopress_titles_title":"Maintenance Extincteur en Vend\u00e9e | Tertrais Sauvegarde","_seopress_titles_desc":"Assurez la long\u00e9vit\u00e9 et l'efficacit\u00e9 de vos \u00e9quipements avec notre service de maintenance d'extincteur en Vend\u00e9e. B\u00e9n\u00e9ficiez d'une intervention synonyme de qualit\u00e9 et de s\u00e9curit\u00e9.","_seopress_robots_index":"","_et_pb_use_builder":"on","_et_pb_old_content":"","_et_gb_content_width":"","footnotes":""},"class_list":["post-25708","page","type-page","status-publish","hentry"],"acf":[],"_links":{"self":[{"href":"https:\/\/www.tertrais.com\/vendee\/wp-json\/wp\/v2\/pages\/25708","targetHints":{"allow":["GET"]}}],"collection":[{"href":"https:\/\/www.tertrais.com\/vendee\/wp-json\/wp\/v2\/pages"}],"about":[{"href":"https:\/\/www.tertrais.com\/vendee\/wp-json\/wp\/v2\/types\/page"}],"author":[{"embeddable":true,"href":"https:\/\/www.tertrais.com\/vendee\/wp-json\/wp\/v2\/users\/1"}],"replies":[{"embeddable":true,"href":"https:\/\/www.tertrais.com\/vendee\/wp-json\/wp\/v2\/comments?post=25708"}],"version-history":[{"count":6,"href":"https:\/\/www.tertrais.com\/vendee\/wp-json\/wp\/v2\/pages\/25708\/revisions"}],"predecessor-version":[{"id":27617,"href":"https:\/\/www.tertrais.com\/vendee\/wp-json\/wp\/v2\/pages\/25708\/revisions\/27617"}],"wp:attachment":[{"href":"https:\/\/www.tertrais.com\/vendee\/wp-json\/wp\/v2\/media?parent=25708"}],"curies":[{"name":"wp","href":"https:\/\/api.w.org\/{rel}","templated":true}]}}