{"id":25725,"date":"2021-05-25T17:11:25","date_gmt":"2021-05-25T15:11:25","guid":{"rendered":"https:\/\/www.tertrais.com\/vendee\/?page_id=25725"},"modified":"2024-12-10T22:38:36","modified_gmt":"2024-12-10T21:38:36","slug":"le-detecteur-de-chaleur","status":"publish","type":"page","link":"https:\/\/www.tertrais.com\/vendee\/le-detecteur-de-chaleur\/","title":{"rendered":"Le d\u00e9tecteur de chaleur"},"content":{"rendered":"<p>[et_pb_section fb_built=\u00a0\u00bb1&Prime; _builder_version=\u00a0\u00bb4.16&Prime; _module_preset=\u00a0\u00bbdefault\u00a0\u00bb background_color=\u00a0\u00bb#404042&Prime; background_image=\u00a0\u00bbhttps:\/\/www.tertrais.com\/vendee\/wp-content\/uploads\/2021\/04\/bg-02.jpg\u00a0\u00bb global_colors_info=\u00a0\u00bb{}\u00a0\u00bb][et_pb_row _builder_version=\u00a0\u00bb4.16&Prime; _module_preset=\u00a0\u00bbdefault\u00a0\u00bb global_colors_info=\u00a0\u00bb{}\u00a0\u00bb][et_pb_column type=\u00a0\u00bb4_4&Prime; _builder_version=\u00a0\u00bb4.16&Prime; _module_preset=\u00a0\u00bbdefault\u00a0\u00bb global_colors_info=\u00a0\u00bb{}\u00a0\u00bb][et_pb_text _builder_version=\u00a0\u00bb4.16&Prime; _module_preset=\u00a0\u00bbdefault\u00a0\u00bb header_font=\u00a0\u00bbMontserrat|600||on|||||\u00a0\u00bb header_text_color=\u00a0\u00bb#FFFFFF\u00a0\u00bb global_colors_info=\u00a0\u00bb{}\u00a0\u00bb]<\/p>\n<h1>Le d\u00e9tecteur de chaleur<\/h1>\n<p>[\/et_pb_text][\/et_pb_column][\/et_pb_row][\/et_pb_section][et_pb_section fb_built=\u00a0\u00bb1&Prime; admin_label=\u00a0\u00bbService Section\u00a0\u00bb _builder_version=\u00a0\u00bb4.16&Prime; background_enable_image=\u00a0\u00bboff\u00a0\u00bb background_size=\u00a0\u00bbinitial\u00a0\u00bb module_alignment=\u00a0\u00bbright\u00a0\u00bb custom_padding=\u00a0\u00bb2vw||2vw||true|false\u00a0\u00bb global_colors_info=\u00a0\u00bb{}\u00a0\u00bb][et_pb_row column_structure=\u00a0\u00bb2_3,1_3&Prime; custom_padding_last_edited=\u00a0\u00bbon|phone\u00a0\u00bb admin_label=\u00a0\u00bbService Area\u00a0\u00bb _builder_version=\u00a0\u00bb4.16&Prime; background_color=\u00a0\u00bb#ffffff\u00a0\u00bb max_width=\u00a0\u00bb1440px\u00a0\u00bb custom_margin=\u00a0\u00bb|||\u00a0\u00bb custom_padding=\u00a0\u00bb80px|60px|80px|60px|false|true\u00a0\u00bb custom_padding_tablet=\u00a0\u00bb\u00a0\u00bb custom_padding_phone=\u00a0\u00bb30px|30px|30px|30px|true|true\u00a0\u00bb box_shadow_style=\u00a0\u00bbpreset3&Prime; box_shadow_vertical=\u00a0\u00bb80px\u00a0\u00bb box_shadow_blur=\u00a0\u00bb200px\u00a0\u00bb box_shadow_spread=\u00a0\u00bb-40px\u00a0\u00bb use_custom_width=\u00a0\u00bbon\u00a0\u00bb custom_width_px=\u00a0\u00bb1440px\u00a0\u00bb locked=\u00a0\u00bboff\u00a0\u00bb global_colors_info=\u00a0\u00bb{}\u00a0\u00bb][et_pb_column type=\u00a0\u00bb2_3&Prime; _builder_version=\u00a0\u00bb4.16&Prime; custom_padding=\u00a0\u00bb|||\u00a0\u00bb custom_padding_tablet=\u00a0\u00bb70px|8%||12%\u00a0\u00bb custom_padding_last_edited=\u00a0\u00bboff|desktop\u00a0\u00bb global_colors_info=\u00a0\u00bb{}\u00a0\u00bb custom_padding__hover=\u00a0\u00bb|||\u00a0\u00bb][et_pb_text admin_label=\u00a0\u00bbTitle\u00a0\u00bb _builder_version=\u00a0\u00bb4.25.0&Prime; text_font=\u00a0\u00bb||||||||\u00a0\u00bb header_font=\u00a0\u00bb||||||||\u00a0\u00bb header_2_font=\u00a0\u00bbMontserrat|700||on|||||\u00a0\u00bb header_2_line_height=\u00a0\u00bb1.4em\u00a0\u00bb custom_margin=\u00a0\u00bb|||\u00a0\u00bb custom_padding=\u00a0\u00bb|||30px\u00a0\u00bb custom_padding_tablet=\u00a0\u00bb|||30px\u00a0\u00bb custom_padding_phone=\u00a0\u00bb|||10px|false|false\u00a0\u00bb custom_padding_last_edited=\u00a0\u00bbon|phone\u00a0\u00bb animation_direction=\u00a0\u00bbleft\u00a0\u00bb header_2_font_size_tablet=\u00a0\u00bb\u00a0\u00bb header_2_font_size_phone=\u00a0\u00bb24px\u00a0\u00bb header_2_font_size_last_edited=\u00a0\u00bbon|phone\u00a0\u00bb border_color_all=\u00a0\u00bb#B6519A\u00a0\u00bb border_width_left=\u00a0\u00bb10px\u00a0\u00bb global_colors_info=\u00a0\u00bb{}\u00a0\u00bb]<\/p>\n<h2>Le d\u00e9tecteur de chaleur<\/h2>\n<p>[\/et_pb_text][et_pb_text admin_label=\u00a0\u00bbSubtitle\u00a0\u00bb _builder_version=\u00a0\u00bb4.16&Prime; text_font=\u00a0\u00bbMontserrat||||||||\u00a0\u00bb text_font_size=\u00a0\u00bb16px\u00a0\u00bb max_width_tablet=\u00a0\u00bb\u00a0\u00bb max_width_phone=\u00a0\u00bb\u00a0\u00bb max_width_last_edited=\u00a0\u00bbon|desktop\u00a0\u00bb custom_margin=\u00a0\u00bb||-8px|||\u00a0\u00bb custom_padding=\u00a0\u00bb|||\u00a0\u00bb animation_direction=\u00a0\u00bbleft\u00a0\u00bb locked=\u00a0\u00bboff\u00a0\u00bb global_colors_info=\u00a0\u00bb{}\u00a0\u00bb]<\/p>\n<p>Le d\u00e9tecteur de chaleur est un appareil de d\u00e9tection des sources de chaleur, il constitue une excellente protection contre les incendies.<\/p>\n<p>En effet, gr\u00e2ce \u00e0 une alarme sonore puissante, ils permettent de donner rapidement l\u2019alerte en cas de d\u00e9part d\u2019incendie.<\/p>\n<p>[\/et_pb_text][et_pb_blurb title=\u00a0\u00bbLes plus Tertrais\u00a0\u00bb use_icon=\u00a0\u00bbon\u00a0\u00bb font_icon=\u00a0\u00bb&#x50;||divi||400&Prime; icon_color=\u00a0\u00bb#B6519A\u00a0\u00bb icon_placement=\u00a0\u00bbleft\u00a0\u00bb image_icon_width=\u00a0\u00bb80px\u00a0\u00bb content_max_width=\u00a0\u00bb780px\u00a0\u00bb icon_placement_tablet=\u00a0\u00bbleft\u00a0\u00bb icon_placement_phone=\u00a0\u00bbtop\u00a0\u00bb icon_placement_last_edited=\u00a0\u00bbon|phone\u00a0\u00bb _builder_version=\u00a0\u00bb4.16&Prime; _module_preset=\u00a0\u00bbdefault\u00a0\u00bb header_level=\u00a0\u00bbh3&Prime; header_font=\u00a0\u00bbMontserrat|600|||||||\u00a0\u00bb header_font_size=\u00a0\u00bb18px\u00a0\u00bb body_font=\u00a0\u00bbMontserrat||||||||\u00a0\u00bb body_font_size=\u00a0\u00bb16px\u00a0\u00bb custom_margin=\u00a0\u00bb50px||50px||true|false\u00a0\u00bb custom_padding=\u00a0\u00bb20px||20px||true|false\u00a0\u00bb custom_padding_tablet=\u00a0\u00bb20px||20px||true|false\u00a0\u00bb custom_padding_phone=\u00a0\u00bb20px|10px|20px|10px|true|true\u00a0\u00bb custom_padding_last_edited=\u00a0\u00bbon|phone\u00a0\u00bb box_shadow_style=\u00a0\u00bbpreset3&Prime; icon_font_size=\u00a0\u00bb80px\u00a0\u00bb global_colors_info=\u00a0\u00bb{}\u00a0\u00bb]<\/p>\n<p style=\"text-align: justify;\">&#8211; Le conseil de nos experts dans le cadre du choix du type et de la localisation du d\u00e9tecteur<br \/>&#8211; Une solution fiable<br \/>&#8211; Des d\u00e9tecteurs interconnect\u00e9s (en option) ou reli\u00e9s au dispositif d\u2019alarme, donc \u00e0 <a href=\"https:\/\/www.tertrais.com\/vendee\/la-telesurveillance-pour-un-niveau-maximal-de-securite\/\">la station de t\u00e9l\u00e9surveillance 24\/24, 7j\/7<\/a> (en option)<br \/>&#8211; En option, notre forfait maintenance annuel (changement de piles et test de transmission \u00e0<a href=\"https:\/\/www.tertrais.com\/vendee\/la-telesurveillance-pour-un-niveau-maximal-de-securite\/\"> la station de t\u00e9l\u00e9surveillance<\/a> si n\u00e9cessaire).<\/p>\n<p>[\/et_pb_blurb][et_pb_image src=\u00a0\u00bbhttps:\/\/www.tertrais.com\/vendee\/wp-content\/uploads\/2021\/05\/1327.jpg\u00a0\u00bb title_text=\u00a0\u00bb1327&Prime; _builder_version=\u00a0\u00bb4.16&Prime; _module_preset=\u00a0\u00bbdefault\u00a0\u00bb global_colors_info=\u00a0\u00bb{}\u00a0\u00bb][\/et_pb_image][et_pb_text admin_label=\u00a0\u00bbTitle\u00a0\u00bb _builder_version=\u00a0\u00bb4.16&Prime; text_font=\u00a0\u00bbMontserrat|700||on|||||\u00a0\u00bb text_font_size=\u00a0\u00bb18px\u00a0\u00bb header_font=\u00a0\u00bb||||||||\u00a0\u00bb header_2_font=\u00a0\u00bbMontserrat|700||on|||||\u00a0\u00bb header_2_line_height=\u00a0\u00bb1.4em\u00a0\u00bb custom_margin=\u00a0\u00bb|||\u00a0\u00bb custom_padding=\u00a0\u00bb|||30px\u00a0\u00bb animation_direction=\u00a0\u00bbleft\u00a0\u00bb header_2_font_size_tablet=\u00a0\u00bb\u00a0\u00bb header_2_font_size_phone=\u00a0\u00bb24px\u00a0\u00bb header_2_font_size_last_edited=\u00a0\u00bbon|phone\u00a0\u00bb border_color_all=\u00a0\u00bb#B6519A\u00a0\u00bb border_width_left=\u00a0\u00bb10px\u00a0\u00bb global_colors_info=\u00a0\u00bb{}\u00a0\u00bb]<\/p>\n<p>Plus d&rsquo;informations sur le d\u00e9tecteur de chaleur<\/p>\n<p>[\/et_pb_text][et_pb_accordion open_toggle_background_color=\u00a0\u00bbrgba(0,0,0,0)\u00a0\u00bb closed_toggle_text_color=\u00a0\u00bb#000000&Prime; closed_toggle_background_color=\u00a0\u00bbrgba(0,0,0,0)\u00a0\u00bb icon_color=\u00a0\u00bb#B6519A\u00a0\u00bb _builder_version=\u00a0\u00bb4.16&Prime; toggle_level=\u00a0\u00bbh4&Prime; toggle_font=\u00a0\u00bbBungee||||||||\u00a0\u00bb toggle_font_size=\u00a0\u00bb14px\u00a0\u00bb toggle_line_height=\u00a0\u00bb1.5em\u00a0\u00bb body_font=\u00a0\u00bbMontserrat||||||||\u00a0\u00bb body_font_size=\u00a0\u00bb16px\u00a0\u00bb body_line_height=\u00a0\u00bb1.8em\u00a0\u00bb animation_direction=\u00a0\u00bbtop\u00a0\u00bb border_width_all=\u00a0\u00bb0px\u00a0\u00bb border_width_bottom=\u00a0\u00bb2px\u00a0\u00bb global_colors_info=\u00a0\u00bb{}\u00a0\u00bb][et_pb_accordion_item title=\u00a0\u00bbComment fonctionne le d\u00e9tecteur de chaleur ?\u00a0\u00bb open=\u00a0\u00bbon\u00a0\u00bb icon_color=\u00a0\u00bb#B6519A\u00a0\u00bb _builder_version=\u00a0\u00bb4.16&Prime; body_font=\u00a0\u00bbMontserrat||||||||\u00a0\u00bb body_font_size=\u00a0\u00bb16px\u00a0\u00bb custom_margin=\u00a0\u00bb||0px|\u00a0\u00bb custom_padding=\u00a0\u00bb|0px||0px||true\u00a0\u00bb global_colors_info=\u00a0\u00bb{}\u00a0\u00bb toggle_level=\u00a0\u00bbh5&Prime; toggle_font=\u00a0\u00bbMontserrat|700||on|||||\u00a0\u00bb toggle_font_size=\u00a0\u00bb15px\u00a0\u00bb closed_toggle_font=\u00a0\u00bbMontserrat|700||on|||||\u00a0\u00bb closed_toggle_font_size=\u00a0\u00bb15px\u00a0\u00bb]<\/p>\n<p style=\"text-align: justify;\">Dot\u00e9 d\u2019un capteur de temp\u00e9rature, l&rsquo;alarme du d\u00e9tecteur se d\u00e9clenche suite \u00e0 une augmentation de la temp\u00e9rature de la pi\u00e8ce <strong>(au-del\u00e0 de 58\u00b0 C)<\/strong>.<\/p>\n<p style=\"text-align: justify;\">Une alarme puissante <strong>(85 db)<\/strong> permet de pr\u00e9venir les personnes pr\u00e9sentes.<\/p>\n<p style=\"text-align: justify;\">3 cas de figure :<\/p>\n<ul>\n<li style=\"text-align: justify;\">Le d\u00e9tecteur fonctionne de mani\u00e8re autonome.<\/li>\n<li style=\"text-align: justify;\">Il est interconnect\u00e9 avec d\u2019autres d\u00e9tecteurs incendie ce qui permet d\u2019amplifier l\u2019alerte et une r\u00e9action plus rapide.<\/li>\n<li style=\"text-align: justify;\">Le d\u00e9tecteur de chaleur est connect\u00e9 au syst\u00e8me d\u2019alarme Tertrais et reli\u00e9 \u00e0 <a href=\"https:\/\/www.tertrais.com\/vendee\/la-telesurveillance-pour-un-niveau-maximal-de-securite\/\">notre station de t\u00e9l\u00e9surveillance<\/a> (24h\/24, 7j\/7).<br \/>Contrairement au d\u00e9tecteur de fum\u00e9e qui est obligatoire, le d\u00e9tecteur de chaleur n\u2019est pas obligatoire. Il fonctionne avec des piles, un signal sonore alerte lorsque le niveau des piles est faible (pr\u00e9voir changement de piles une fois par an).<\/li>\n<\/ul>\n<p>[\/et_pb_accordion_item][et_pb_accordion_item title=\u00a0\u00bbO\u00f9 installer un d\u00e9tecteur de chaleur ?\u00a0\u00bb icon_color=\u00a0\u00bb#B6519A\u00a0\u00bb _builder_version=\u00a0\u00bb4.16&Prime; body_font=\u00a0\u00bbMontserrat||||||||\u00a0\u00bb body_font_size=\u00a0\u00bb16px\u00a0\u00bb custom_margin=\u00a0\u00bb||0px|\u00a0\u00bb custom_padding=\u00a0\u00bb|0px||0px||true\u00a0\u00bb global_colors_info=\u00a0\u00bb{}\u00a0\u00bb toggle_level=\u00a0\u00bbh5&Prime; toggle_font=\u00a0\u00bbMontserrat|700||on|||||\u00a0\u00bb toggle_font_size=\u00a0\u00bb15px\u00a0\u00bb closed_toggle_font=\u00a0\u00bbMontserrat|700||on|||||\u00a0\u00bb closed_toggle_font_size=\u00a0\u00bb15px\u00a0\u00bb open=\u00a0\u00bboff\u00a0\u00bb]<\/p>\n<p style=\"text-align: justify;\">Dans la mesure o\u00f9 ce d\u00e9tecteur n\u2019est pas sensible aux fum\u00e9es, il peut \u00eatre install\u00e9 dans les pi\u00e8ces o\u00f9 le d\u00e9tecteur de fum\u00e9e n\u2019est pas adapt\u00e9 comme la cuisine, une salle de bain ou une salle de s\u00e9jour \u00e9quip\u00e9e d\u2019une chemin\u00e9e\u2026<\/p>\n<p style=\"text-align: justify;\">Pour ces pi\u00e8ces, le d\u00e9tecteur de chaleur est la solution id\u00e9ale, l\u00e0 o\u00f9 le d\u00e9tecteur de fum\u00e9e risquerait de se d\u00e9clencher de fa\u00e7on intempestive.<\/p>\n<p style=\"text-align: justify;\">Le choix du d\u00e9tecteur doit s\u2019adapter \u00e0 la configuration de votre environnement et \u00e0 vos besoins.<\/p>\n<p style=\"text-align: justify;\">Chez Tertrais, nous sommes sp\u00e9cialis\u00e9s depuis plus de 40 ans dans la vente, l\u2019installation et l\u2019entretien de vos syst\u00e8mes de s\u00e9curit\u00e9.<\/p>\n<p>[\/et_pb_accordion_item][\/et_pb_accordion][et_pb_code module_id=\u00a0\u00bbfin\u00a0\u00bb _builder_version=\u00a0\u00bb4.16&Prime; _module_preset=\u00a0\u00bbdefault\u00a0\u00bb global_colors_info=\u00a0\u00bb{}\u00a0\u00bb][\/et_pb_code][\/et_pb_column][et_pb_column type=\u00a0\u00bb1_3&Prime; module_id=\u00a0\u00bbsticky\u00a0\u00bb _builder_version=\u00a0\u00bb4.16&Prime; custom_padding=\u00a0\u00bb|||\u00a0\u00bb global_colors_info=\u00a0\u00bb{}\u00a0\u00bb custom_padding__hover=\u00a0\u00bb|||\u00a0\u00bb][et_pb_blurb title=\u00a0\u00bbObtenir un devis\u00a0\u00bb url=\u00a0\u00bb#devis\u00a0\u00bb image=\u00a0\u00bbhttps:\/\/www.tertrais.com\/vendee\/wp-content\/uploads\/2021\/05\/detecteur-de-chaleur-\u00a9-Ei-Electronics.jpg\u00a0\u00bb _builder_version=\u00a0\u00bb4.24.2&Prime; header_font=\u00a0\u00bbMontserrat|800||on|||||\u00a0\u00bb header_font_size=\u00a0\u00bb15px\u00a0\u00bb background_color=\u00a0\u00bb#B6519A\u00a0\u00bb text_orientation=\u00a0\u00bbcenter\u00a0\u00bb background_layout=\u00a0\u00bbdark\u00a0\u00bb custom_margin=\u00a0\u00bb|||\u00a0\u00bb custom_padding=\u00a0\u00bb||20px|\u00a0\u00bb animation=\u00a0\u00bboff\u00a0\u00bb link_option_url=\u00a0\u00bb#devis\u00a0\u00bb border_radii=\u00a0\u00bbon|3px|3px|3px|3px\u00a0\u00bb global_colors_info=\u00a0\u00bb{}\u00a0\u00bb background__hover_enabled=\u00a0\u00bbon|hover\u00a0\u00bb background_color__hover=\u00a0\u00bb#000000&Prime; background_enable_color__hover=\u00a0\u00bbon\u00a0\u00bb][\/et_pb_blurb][et_pb_text _builder_version=\u00a0\u00bb4.27.4&Prime; _module_preset=\u00a0\u00bbdefault\u00a0\u00bb text_font=\u00a0\u00bbMontserrat|700|||||||\u00a0\u00bb text_text_color=\u00a0\u00bb#B6519A\u00a0\u00bb text_font_size=\u00a0\u00bb25px\u00a0\u00bb link_option_url=\u00a0\u00bbtel:02 51 29 20 20&Prime; hover_enabled=\u00a0\u00bb0&Prime; global_colors_info=\u00a0\u00bb{}\u00a0\u00bb text_text_color__hover_enabled=\u00a0\u00bbon|hover\u00a0\u00bb text_text_color__hover=\u00a0\u00bb#000000&Prime; sticky_enabled=\u00a0\u00bb0&Prime;]<\/p>\n<p style=\"text-align: center;\">02 51 29 20 20<\/p>\n<p>[\/et_pb_text][\/et_pb_column][\/et_pb_row][\/et_pb_section]<\/p>\n","protected":false},"excerpt":{"rendered":"<p>Le d\u00e9tecteur de chaleurLe d\u00e9tecteur de chaleurLe d\u00e9tecteur de chaleur est un appareil de d\u00e9tection des sources de chaleur, il constitue une excellente protection contre les incendies. En effet, gr\u00e2ce \u00e0 une alarme sonore puissante, ils permettent de donner rapidement l\u2019alerte en cas de d\u00e9part d\u2019incendie.- Le conseil de nos experts dans le cadre du [&hellip;]<\/p>\n","protected":false},"author":1,"featured_media":0,"parent":0,"menu_order":0,"comment_status":"closed","ping_status":"closed","template":"","meta":{"_acf_changed":false,"_seopress_robots_primary_cat":"","_seopress_titles_title":"D\u00e9tecteur de Chaleur en Vend\u00e9e | Tertrais Sauvegarde","_seopress_titles_desc":"Tertrais Sauvegarde installe en Vend\u00e9e un d\u00e9tecteur de chaleur pour optimiser la protection incendie. Contactez-nous !","_seopress_robots_index":"","_et_pb_use_builder":"on","_et_pb_old_content":"","_et_gb_content_width":"","footnotes":""},"class_list":["post-25725","page","type-page","status-publish","hentry"],"acf":[],"_links":{"self":[{"href":"https:\/\/www.tertrais.com\/vendee\/wp-json\/wp\/v2\/pages\/25725","targetHints":{"allow":["GET"]}}],"collection":[{"href":"https:\/\/www.tertrais.com\/vendee\/wp-json\/wp\/v2\/pages"}],"about":[{"href":"https:\/\/www.tertrais.com\/vendee\/wp-json\/wp\/v2\/types\/page"}],"author":[{"embeddable":true,"href":"https:\/\/www.tertrais.com\/vendee\/wp-json\/wp\/v2\/users\/1"}],"replies":[{"embeddable":true,"href":"https:\/\/www.tertrais.com\/vendee\/wp-json\/wp\/v2\/comments?post=25725"}],"version-history":[{"count":3,"href":"https:\/\/www.tertrais.com\/vendee\/wp-json\/wp\/v2\/pages\/25725\/revisions"}],"predecessor-version":[{"id":27654,"href":"https:\/\/www.tertrais.com\/vendee\/wp-json\/wp\/v2\/pages\/25725\/revisions\/27654"}],"wp:attachment":[{"href":"https:\/\/www.tertrais.com\/vendee\/wp-json\/wp\/v2\/media?parent=25725"}],"curies":[{"name":"wp","href":"https:\/\/api.w.org\/{rel}","templated":true}]}}