{"id":26147,"date":"2024-01-18T17:23:29","date_gmt":"2024-01-18T16:23:29","guid":{"rendered":"https:\/\/www.tertrais.com\/vendee\/?page_id=26147"},"modified":"2024-12-10T22:38:07","modified_gmt":"2024-12-10T21:38:07","slug":"protection-du-travailleur-isole","status":"publish","type":"page","link":"https:\/\/www.tertrais.com\/vendee\/installation-telesurveillance\/protection-du-travailleur-isole\/","title":{"rendered":"La Protection des Travailleurs Isol\u00e9s (ou D.A.T.I.) : un imp\u00e9ratif l\u00e9gal et humain"},"content":{"rendered":"<p>[et_pb_section fb_built=\u00a0\u00bb1&Prime; _builder_version=\u00a0\u00bb4.16&Prime; _module_preset=\u00a0\u00bbdefault\u00a0\u00bb background_color=\u00a0\u00bbrgba(64,64,66,0.81)\u00a0\u00bb background_image=\u00a0\u00bbhttps:\/\/www.tertrais.com\/vendee\/wp-content\/uploads\/2021\/06\/alarm-system-apartment-business-office.jpg\u00a0\u00bb background_blend=\u00a0\u00bbmultiply\u00a0\u00bb global_colors_info=\u00a0\u00bb{}\u00a0\u00bb][et_pb_row _builder_version=\u00a0\u00bb4.23.1&Prime; _module_preset=\u00a0\u00bbdefault\u00a0\u00bb global_colors_info=\u00a0\u00bb{}\u00a0\u00bb][et_pb_column type=\u00a0\u00bb4_4&Prime; _builder_version=\u00a0\u00bb4.16&Prime; _module_preset=\u00a0\u00bbdefault\u00a0\u00bb global_colors_info=\u00a0\u00bb{}\u00a0\u00bb][et_pb_text _builder_version=\u00a0\u00bb4.23.1&Prime; _module_preset=\u00a0\u00bbdefault\u00a0\u00bb header_font=\u00a0\u00bbMontserrat|600||on|||||\u00a0\u00bb header_text_color=\u00a0\u00bb#FFFFFF\u00a0\u00bb global_colors_info=\u00a0\u00bb{}\u00a0\u00bb]<\/p>\n<h1>Assurez la PROTECTION DE VOS TRAVAILLEURS ISOL\u00e9S, UN IMPERATIF LEGAL ET HUMAIN<\/h1>\n<p>[\/et_pb_text][\/et_pb_column][\/et_pb_row][\/et_pb_section][et_pb_section fb_built=\u00a0\u00bb1&Prime; admin_label=\u00a0\u00bbService Section\u00a0\u00bb _builder_version=\u00a0\u00bb4.16&Prime; background_enable_image=\u00a0\u00bboff\u00a0\u00bb background_size=\u00a0\u00bbinitial\u00a0\u00bb module_alignment=\u00a0\u00bbright\u00a0\u00bb custom_padding=\u00a0\u00bb2vw||2vw||true|false\u00a0\u00bb global_colors_info=\u00a0\u00bb{}\u00a0\u00bb][et_pb_row column_structure=\u00a0\u00bb2_3,1_3&Prime; custom_padding_last_edited=\u00a0\u00bbon|phone\u00a0\u00bb admin_label=\u00a0\u00bbService Area\u00a0\u00bb _builder_version=\u00a0\u00bb4.23.1&Prime; background_color=\u00a0\u00bb#ffffff\u00a0\u00bb max_width=\u00a0\u00bb1440px\u00a0\u00bb custom_margin=\u00a0\u00bb|||\u00a0\u00bb custom_padding=\u00a0\u00bb80px|60px|80px|60px|false|true\u00a0\u00bb custom_padding_tablet=\u00a0\u00bb\u00a0\u00bb custom_padding_phone=\u00a0\u00bb30px|30px|30px|30px|true|true\u00a0\u00bb box_shadow_style=\u00a0\u00bbpreset3&Prime; box_shadow_vertical=\u00a0\u00bb80px\u00a0\u00bb box_shadow_blur=\u00a0\u00bb200px\u00a0\u00bb box_shadow_spread=\u00a0\u00bb-40px\u00a0\u00bb use_custom_width=\u00a0\u00bbon\u00a0\u00bb custom_width_px=\u00a0\u00bb1440px\u00a0\u00bb locked=\u00a0\u00bboff\u00a0\u00bb global_colors_info=\u00a0\u00bb{}\u00a0\u00bb][et_pb_column type=\u00a0\u00bb2_3&Prime; _builder_version=\u00a0\u00bb4.16&Prime; custom_padding=\u00a0\u00bb|||\u00a0\u00bb custom_padding_tablet=\u00a0\u00bb70px|8%||12%\u00a0\u00bb custom_padding_last_edited=\u00a0\u00bboff|desktop\u00a0\u00bb global_colors_info=\u00a0\u00bb{}\u00a0\u00bb custom_padding__hover=\u00a0\u00bb|||\u00a0\u00bb][et_pb_text admin_label=\u00a0\u00bbTitle\u00a0\u00bb _builder_version=\u00a0\u00bb4.25.0&Prime; text_font=\u00a0\u00bb||||||||\u00a0\u00bb header_font=\u00a0\u00bb||||||||\u00a0\u00bb header_2_font=\u00a0\u00bbMontserrat|700||on|||||\u00a0\u00bb header_2_line_height=\u00a0\u00bb1.4em\u00a0\u00bb custom_margin=\u00a0\u00bb|||\u00a0\u00bb custom_padding=\u00a0\u00bb|||30px\u00a0\u00bb custom_padding_tablet=\u00a0\u00bb|||30px\u00a0\u00bb custom_padding_phone=\u00a0\u00bb|||10px|false|false\u00a0\u00bb custom_padding_last_edited=\u00a0\u00bbon|phone\u00a0\u00bb animation_direction=\u00a0\u00bbleft\u00a0\u00bb header_2_font_size_tablet=\u00a0\u00bb\u00a0\u00bb header_2_font_size_phone=\u00a0\u00bb24px\u00a0\u00bb header_2_font_size_last_edited=\u00a0\u00bbon|phone\u00a0\u00bb border_color_all=\u00a0\u00bb#B6519A\u00a0\u00bb border_width_left=\u00a0\u00bb10px\u00a0\u00bb global_colors_info=\u00a0\u00bb{}\u00a0\u00bb]<\/p>\n<h2><strong>Nos solutions pour PROTEGER VOS TRAVAILLEURS ISOLES<\/strong><\/h2>\n<p>[\/et_pb_text][et_pb_image src=\u00a0\u00bbhttps:\/\/www.tertrais.com\/vendee\/wp-content\/uploads\/2024\/02\/Dati-photo-Julien-scaled.jpg\u00a0\u00bb alt=\u00a0\u00bbsecurisation entreprise\u00a0\u00bb title_text=\u00a0\u00bbDati photo Julien\u00a0\u00bb _builder_version=\u00a0\u00bb4.23.1&Prime; _module_preset=\u00a0\u00bbdefault\u00a0\u00bb width=\u00a0\u00bb58%\u00a0\u00bb max_width=\u00a0\u00bb61%\u00a0\u00bb global_colors_info=\u00a0\u00bb{}\u00a0\u00bb][\/et_pb_image][et_pb_text admin_label=\u00a0\u00bbSubtitle\u00a0\u00bb _builder_version=\u00a0\u00bb4.23.1&Prime; text_font=\u00a0\u00bbMontserrat||||||||\u00a0\u00bb text_font_size=\u00a0\u00bb16px\u00a0\u00bb max_width_tablet=\u00a0\u00bb\u00a0\u00bb max_width_phone=\u00a0\u00bb\u00a0\u00bb max_width_last_edited=\u00a0\u00bbon|desktop\u00a0\u00bb custom_padding=\u00a0\u00bb|||\u00a0\u00bb animation_direction=\u00a0\u00bbleft\u00a0\u00bb locked=\u00a0\u00bboff\u00a0\u00bb global_colors_info=\u00a0\u00bb{}\u00a0\u00bb]<\/p>\n<p style=\"text-align: justify;\">Les dispositifs de Protection du Travailleur Isol\u00e9 (PTI) sont devenus des outils essentiels pour garantir la s\u00e9curit\u00e9 et le bien-\u00eatre des employ\u00e9s travaillant dans des environnements isol\u00e9s ou \u00e0 risque.<\/p>\n<h3 style=\"text-align: justify;\"><strong>La L\u00e9gislation et l&rsquo;obligation de s\u00e9curit\u00e9 :<\/strong><\/h3>\n<p style=\"text-align: justify;\">En France, la protection des travailleurs isol\u00e9s est une obligation l\u00e9gale incontournable pour les employeurs. Selon le Code du Travail (Article L4121-1), les employeurs sont tenus de prendre toutes les mesures n\u00e9cessaires pour assurer la s\u00e9curit\u00e9 et prot\u00e9ger la sant\u00e9 physique et mentale de leurs travailleurs, y compris ceux travaillant dans des situations d&rsquo;isolement. Cette obligation comprend la mise en place de dispositifs de protection du travailleur isol\u00e9.<\/p>\n<h3 style=\"text-align: justify;\"><strong>Les solutions de protection propos\u00e9es par Tertrais Surveillance :<\/strong><\/h3>\n<p style=\"text-align: justify;\">Tertrais Surveillance propose diff\u00e9rents dispositifs\u00a0: montre\/m\u00e9daillon, appel de d\u00e9tresse, DATI\u2026 afin de r\u00e9pondre au plus pr\u00e8s aux besoins de s\u00e9curit\u00e9 de vos salari\u00e9s et assurer la protection de vos travailleurs isol\u00e9s.<\/p>\n<p style=\"text-align: justify;\">Le syst\u00e8me de protection propos\u00e9 par Tertrais Surveillance est reli\u00e9 avec le dispositif de t\u00e9l\u00e9surveillance. Avantages de ce dispositif\u00a0:<\/p>\n<ul style=\"text-align: justify;\">\n<li>Permet de g\u00e9olocaliser la personne en d\u00e9tresse<\/li>\n<li>D\u00e9tecte la perte de verticalit\u00e9, (acc\u00e9l\u00e9rom\u00e8tre)<\/li>\n<li>Appel volontaire de d\u00e9tresse<\/li>\n<li>Test p\u00e9riodiques de bon fonctionnement des syst\u00e8mes de protection<\/li>\n<li>Appels vocaux\/t\u00e9l\u00e9assistance<\/li>\n<\/ul>\n<p style=\"text-align: justify;\">Ce dispositif est connect\u00e9 24h\/24 <a href=\"https:\/\/www.tertrais.com\/vendee\/installation-telesurveillance\/\">au centre de t\u00e9l\u00e9surveillance<\/a> agr\u00e9\u00e9 APSAD P3.<\/p>\n<h3 style=\"text-align: justify;\"><strong>Trois bonnes raisons de s&rsquo;\u00e9quiper d\u2019un syst\u00e8me de Protection du Travailleur Isol\u00e9 (DATI) :<\/strong><\/h3>\n<h4 style=\"text-align: justify;\"><strong>S\u00e9curit\u00e9 et Urgence :<\/strong><\/h4>\n<p style=\"text-align: justify;\">Les travailleurs isol\u00e9s sont expos\u00e9s \u00e0 des risques accrus en raison de l&rsquo;absence de secours imm\u00e9diat en cas d&rsquo;accident ou d&rsquo;urgence. Le D.A.T.I. leur fournit un moyen de communication rapide pour alerter les secours en cas de besoin, r\u00e9duisant ainsi les d\u00e9lais d&rsquo;intervention.<\/p>\n<h4 style=\"text-align: justify;\"><strong>Conformit\u00e9 r\u00e9glementaire :<\/strong><\/h4>\n<p style=\"text-align: justify;\">Les entreprises ont l&rsquo;obligation l\u00e9gale de prot\u00e9ger leurs travailleurs isol\u00e9s.<\/p>\n<h4 style=\"text-align: justify;\"><strong>Responsabilit\u00e9 sociale :<\/strong><\/h4>\n<p style=\"text-align: justify;\">Assurer la s\u00e9curit\u00e9 et le bien-\u00eatre de ses employ\u00e9s est non seulement une obligation l\u00e9gale, mais aussi une responsabilit\u00e9 sociale et \u00e9thique. L&rsquo;\u00e9quipement des travailleurs isol\u00e9s avec des dispositifs de D.A.T.I d\u00e9montre l&rsquo;engagement de l&rsquo;entreprise envers la s\u00e9curit\u00e9 de son personnel.<\/p>\n<p style=\"text-align: justify;\">En conclusion, la mise en place de dispositifs de D.A.T.I. est essentielle pour garantir la s\u00e9curit\u00e9 et le bien-\u00eatre des travailleurs isol\u00e9s, se conformer \u00e0 la l\u00e9gislation en vigueur, et d\u00e9montrer l&rsquo;engagement social de l&rsquo;entreprise envers ses employ\u00e9s. Investir dans la protection des travailleurs isol\u00e9s est un investissement dans la s\u00e9curit\u00e9 et la durabilit\u00e9 de l&rsquo;entreprise elle-m\u00eame.<\/p>\n<p>[\/et_pb_text][et_pb_blurb title=\u00a0\u00bbLes plus Tertrais\u00a0\u00bb use_icon=\u00a0\u00bbon\u00a0\u00bb font_icon=\u00a0\u00bb&#x50;||divi||400&Prime; icon_color=\u00a0\u00bb#B6519A\u00a0\u00bb icon_placement=\u00a0\u00bbleft\u00a0\u00bb image_icon_width=\u00a0\u00bb80px\u00a0\u00bb content_max_width=\u00a0\u00bb780px\u00a0\u00bb icon_placement_tablet=\u00a0\u00bbleft\u00a0\u00bb icon_placement_phone=\u00a0\u00bbtop\u00a0\u00bb icon_placement_last_edited=\u00a0\u00bbon|phone\u00a0\u00bb _builder_version=\u00a0\u00bb4.23.1&Prime; _module_preset=\u00a0\u00bbdefault\u00a0\u00bb header_level=\u00a0\u00bbh3&Prime; header_font=\u00a0\u00bbMontserrat|600|||||||\u00a0\u00bb header_font_size=\u00a0\u00bb18px\u00a0\u00bb body_font=\u00a0\u00bbMontserrat||||||||\u00a0\u00bb body_font_size=\u00a0\u00bb16px\u00a0\u00bb custom_margin=\u00a0\u00bb50px||50px||true|false\u00a0\u00bb custom_padding=\u00a0\u00bb20px||20px||true|false\u00a0\u00bb custom_padding_tablet=\u00a0\u00bb20px||20px||true|false\u00a0\u00bb custom_padding_phone=\u00a0\u00bb20px|10px|20px|10px|true|true\u00a0\u00bb custom_padding_last_edited=\u00a0\u00bbon|phone\u00a0\u00bb box_shadow_style=\u00a0\u00bbpreset3&Prime; icon_font_size=\u00a0\u00bb80px\u00a0\u00bb global_colors_info=\u00a0\u00bb{}\u00a0\u00bb]<\/p>\n<ul>\n<li><strong>Expertise technique :<\/strong> Notre \u00e9quipe hautement qualifi\u00e9e est sp\u00e9cialis\u00e9e dans l&rsquo;installation et la maintenance des syst\u00e8mes de protection num\u00e9rique les plus avanc\u00e9s.<\/li>\n<li><strong>Une proposition sur mesure :<\/strong> Chaque entreprise est unique. Nous adaptons nos solutions en fonction de vos besoins sp\u00e9cifiques pour une protection optimale.<\/li>\n<li><strong>Offre de service de A \u00e0 Z<\/strong>\u00a0: du diagnostic \u00e0 la t\u00e9l\u00e9surveillance en passant par l\u2019installation de votre syst\u00e8me d\u2019alarme, votre s\u00e9curit\u00e9 n\u2019est pas laiss\u00e9e au hasard.<\/li>\n<li><strong>Service r\u00e9actif :<\/strong> En cas d&rsquo;urgence, notre \u00e9quipe est pr\u00eate \u00e0 intervenir rapidement, assurant ainsi la continuit\u00e9 de votre activit\u00e9.<\/li>\n<\/ul>\n<p>[\/et_pb_blurb][et_pb_code module_id=\u00a0\u00bbfin\u00a0\u00bb _builder_version=\u00a0\u00bb4.16&Prime; _module_preset=\u00a0\u00bbdefault\u00a0\u00bb global_colors_info=\u00a0\u00bb{}\u00a0\u00bb][\/et_pb_code][\/et_pb_column][et_pb_column type=\u00a0\u00bb1_3&Prime; module_id=\u00a0\u00bbsticky\u00a0\u00bb _builder_version=\u00a0\u00bb4.16&Prime; custom_padding=\u00a0\u00bb|||\u00a0\u00bb global_colors_info=\u00a0\u00bb{}\u00a0\u00bb custom_padding__hover=\u00a0\u00bb|||\u00a0\u00bb][et_pb_blurb title=\u00a0\u00bbObtenir un devis\u00a0\u00bb url=\u00a0\u00bb#devis\u00a0\u00bb image=\u00a0\u00bbhttps:\/\/www.tertrais.com\/vendee\/wp-content\/uploads\/2021\/06\/Unica-Kit-UN-436VT2C1.jpg\u00a0\u00bb _builder_version=\u00a0\u00bb4.24.2&Prime; header_font=\u00a0\u00bbMontserrat|800||on|||||\u00a0\u00bb header_font_size=\u00a0\u00bb15px\u00a0\u00bb background_color=\u00a0\u00bb#B6519A\u00a0\u00bb text_orientation=\u00a0\u00bbcenter\u00a0\u00bb background_layout=\u00a0\u00bbdark\u00a0\u00bb custom_margin=\u00a0\u00bb|||\u00a0\u00bb custom_padding=\u00a0\u00bb||20px|\u00a0\u00bb animation=\u00a0\u00bboff\u00a0\u00bb link_option_url=\u00a0\u00bb#devis\u00a0\u00bb border_radii=\u00a0\u00bbon|3px|3px|3px|3px\u00a0\u00bb global_colors_info=\u00a0\u00bb{}\u00a0\u00bb background__hover_enabled=\u00a0\u00bbon|hover\u00a0\u00bb background_color__hover=\u00a0\u00bb#000000&Prime; background_enable_color__hover=\u00a0\u00bbon\u00a0\u00bb][\/et_pb_blurb][et_pb_text _builder_version=\u00a0\u00bb4.27.4&Prime; _module_preset=\u00a0\u00bbdefault\u00a0\u00bb text_font=\u00a0\u00bbMontserrat|700|||||||\u00a0\u00bb text_text_color=\u00a0\u00bb#B6519A\u00a0\u00bb text_font_size=\u00a0\u00bb25px\u00a0\u00bb link_option_url=\u00a0\u00bbtel:02 51 29 20 20&Prime; hover_enabled=\u00a0\u00bb0&Prime; global_colors_info=\u00a0\u00bb{}\u00a0\u00bb text_text_color__hover_enabled=\u00a0\u00bbon|hover\u00a0\u00bb text_text_color__hover=\u00a0\u00bb#000000&Prime; sticky_enabled=\u00a0\u00bb0&Prime;]<\/p>\n<p style=\"text-align: center;\">02 51 29 20 20<\/p>\n<p>[\/et_pb_text][\/et_pb_column][\/et_pb_row][\/et_pb_section]<\/p>\n","protected":false},"excerpt":{"rendered":"<p>La mise en place de la protection du travailleur isol\u00e9 (DATI) est un imp\u00e9ratif l\u00e9gal et humain. Tertrais Surveillance propose des solutions fiables pour prot\u00e9ger vos salari\u00e9s en Vend\u00e9e.<\/p>\n","protected":false},"author":2,"featured_media":26741,"parent":25762,"menu_order":0,"comment_status":"closed","ping_status":"closed","template":"","meta":{"_acf_changed":false,"_seopress_robots_primary_cat":"","_seopress_titles_title":"Protection du travailleur Isol\u00e9 en Vend\u00e9e | Tertrais Sauvegarde","_seopress_titles_desc":"La protection du travailleur isol\u00e9 est une obligation l\u00e9gale de l'employeur. D\u00e9couvrez les solutions propos\u00e9es par Tertrais Surveillance en Vend\u00e9e pour entreprendre sereinement.","_seopress_robots_index":"","_et_pb_use_builder":"on","_et_pb_old_content":"","_et_gb_content_width":"","footnotes":""},"class_list":["post-26147","page","type-page","status-publish","has-post-thumbnail","hentry"],"acf":[],"_links":{"self":[{"href":"https:\/\/www.tertrais.com\/vendee\/wp-json\/wp\/v2\/pages\/26147","targetHints":{"allow":["GET"]}}],"collection":[{"href":"https:\/\/www.tertrais.com\/vendee\/wp-json\/wp\/v2\/pages"}],"about":[{"href":"https:\/\/www.tertrais.com\/vendee\/wp-json\/wp\/v2\/types\/page"}],"author":[{"embeddable":true,"href":"https:\/\/www.tertrais.com\/vendee\/wp-json\/wp\/v2\/users\/2"}],"replies":[{"embeddable":true,"href":"https:\/\/www.tertrais.com\/vendee\/wp-json\/wp\/v2\/comments?post=26147"}],"version-history":[{"count":17,"href":"https:\/\/www.tertrais.com\/vendee\/wp-json\/wp\/v2\/pages\/26147\/revisions"}],"predecessor-version":[{"id":27666,"href":"https:\/\/www.tertrais.com\/vendee\/wp-json\/wp\/v2\/pages\/26147\/revisions\/27666"}],"up":[{"embeddable":true,"href":"https:\/\/www.tertrais.com\/vendee\/wp-json\/wp\/v2\/pages\/25762"}],"wp:featuredmedia":[{"embeddable":true,"href":"https:\/\/www.tertrais.com\/vendee\/wp-json\/wp\/v2\/media\/26741"}],"wp:attachment":[{"href":"https:\/\/www.tertrais.com\/vendee\/wp-json\/wp\/v2\/media?parent=26147"}],"curies":[{"name":"wp","href":"https:\/\/api.w.org\/{rel}","templated":true}]}}