{"id":26150,"date":"2021-10-05T17:55:05","date_gmt":"2021-10-05T15:55:05","guid":{"rendered":"https:\/\/www.tertrais.com\/vendee\/?page_id=26150"},"modified":"2024-12-10T22:33:32","modified_gmt":"2024-12-10T21:33:32","slug":"portier-video-visiophone-et-interphones","status":"publish","type":"page","link":"https:\/\/www.tertrais.com\/vendee\/portier-video-visiophone-et-interphones\/","title":{"rendered":"Portier vid\u00e9o, visiophone et interphones"},"content":{"rendered":"<p>[et_pb_section fb_built=\u00a0\u00bb1&Prime; _builder_version=\u00a0\u00bb4.16&Prime; _module_preset=\u00a0\u00bbdefault\u00a0\u00bb background_color=\u00a0\u00bbrgba(64,64,66,0.67)\u00a0\u00bb background_image=\u00a0\u00bbhttps:\/\/www.tertrais.com\/vendee\/wp-content\/uploads\/2021\/06\/security-cctv-camera-office-building.jpg\u00a0\u00bb background_blend=\u00a0\u00bbmultiply\u00a0\u00bb global_colors_info=\u00a0\u00bb{}\u00a0\u00bb][et_pb_row _builder_version=\u00a0\u00bb4.16&Prime; _module_preset=\u00a0\u00bbdefault\u00a0\u00bb global_colors_info=\u00a0\u00bb{}\u00a0\u00bb][et_pb_column type=\u00a0\u00bb4_4&Prime; _builder_version=\u00a0\u00bb4.16&Prime; _module_preset=\u00a0\u00bbdefault\u00a0\u00bb global_colors_info=\u00a0\u00bb{}\u00a0\u00bb][et_pb_text _builder_version=\u00a0\u00bb4.16&Prime; _module_preset=\u00a0\u00bbdefault\u00a0\u00bb header_font=\u00a0\u00bbMontserrat|600||on|||||\u00a0\u00bb header_text_color=\u00a0\u00bb#FFFFFF\u00a0\u00bb global_colors_info=\u00a0\u00bb{}\u00a0\u00bb]<\/p>\n<h1><strong>Portier vid\u00e9o, visiophone et interphones\u00a0: <\/strong><\/h1>\n<h1><strong>au service de la s\u00e9curit\u00e9 de votre site<\/strong><\/h1>\n<p>[\/et_pb_text][\/et_pb_column][\/et_pb_row][\/et_pb_section][et_pb_section fb_built=\u00a0\u00bb1&Prime; admin_label=\u00a0\u00bbService Section\u00a0\u00bb _builder_version=\u00a0\u00bb4.16&Prime; background_enable_image=\u00a0\u00bboff\u00a0\u00bb background_size=\u00a0\u00bbinitial\u00a0\u00bb module_alignment=\u00a0\u00bbright\u00a0\u00bb custom_padding=\u00a0\u00bb2vw||2vw||true|false\u00a0\u00bb global_colors_info=\u00a0\u00bb{}\u00a0\u00bb][et_pb_row column_structure=\u00a0\u00bb2_3,1_3&Prime; custom_padding_last_edited=\u00a0\u00bbon|phone\u00a0\u00bb admin_label=\u00a0\u00bbService Area\u00a0\u00bb _builder_version=\u00a0\u00bb4.16&Prime; background_color=\u00a0\u00bb#ffffff\u00a0\u00bb max_width=\u00a0\u00bb1440px\u00a0\u00bb custom_margin=\u00a0\u00bb|||\u00a0\u00bb custom_padding=\u00a0\u00bb80px|60px|80px|60px|false|true\u00a0\u00bb custom_padding_tablet=\u00a0\u00bb\u00a0\u00bb custom_padding_phone=\u00a0\u00bb30px|30px|30px|30px|true|true\u00a0\u00bb box_shadow_style=\u00a0\u00bbpreset3&Prime; box_shadow_vertical=\u00a0\u00bb80px\u00a0\u00bb box_shadow_blur=\u00a0\u00bb200px\u00a0\u00bb box_shadow_spread=\u00a0\u00bb-40px\u00a0\u00bb use_custom_width=\u00a0\u00bbon\u00a0\u00bb custom_width_px=\u00a0\u00bb1440px\u00a0\u00bb locked=\u00a0\u00bboff\u00a0\u00bb global_colors_info=\u00a0\u00bb{}\u00a0\u00bb][et_pb_column type=\u00a0\u00bb2_3&Prime; _builder_version=\u00a0\u00bb4.16&Prime; custom_padding=\u00a0\u00bb|||\u00a0\u00bb custom_padding_tablet=\u00a0\u00bb70px|8%||12%\u00a0\u00bb custom_padding_last_edited=\u00a0\u00bboff|desktop\u00a0\u00bb global_colors_info=\u00a0\u00bb{}\u00a0\u00bb custom_padding__hover=\u00a0\u00bb|||\u00a0\u00bb][et_pb_text admin_label=\u00a0\u00bbTitle\u00a0\u00bb _builder_version=\u00a0\u00bb4.25.0&Prime; text_font=\u00a0\u00bb||||||||\u00a0\u00bb header_font=\u00a0\u00bb||||||||\u00a0\u00bb header_2_font=\u00a0\u00bbMontserrat|700||on|||||\u00a0\u00bb header_2_line_height=\u00a0\u00bb1.4em\u00a0\u00bb custom_margin=\u00a0\u00bb|||\u00a0\u00bb custom_padding=\u00a0\u00bb|||30px\u00a0\u00bb custom_padding_tablet=\u00a0\u00bb|||30px\u00a0\u00bb custom_padding_phone=\u00a0\u00bb|||10px|false|false\u00a0\u00bb custom_padding_last_edited=\u00a0\u00bbon|phone\u00a0\u00bb animation_direction=\u00a0\u00bbleft\u00a0\u00bb header_2_font_size_tablet=\u00a0\u00bb\u00a0\u00bb header_2_font_size_phone=\u00a0\u00bb24px\u00a0\u00bb header_2_font_size_last_edited=\u00a0\u00bbon|phone\u00a0\u00bb border_color_all=\u00a0\u00bb#B6519A\u00a0\u00bb border_width_left=\u00a0\u00bb10px\u00a0\u00bb global_colors_info=\u00a0\u00bb{}\u00a0\u00bb]<\/p>\n<h2><strong>Portier vid\u00e9o, visiophone et interphone<br \/><\/strong><\/h2>\n<p>[\/et_pb_text][et_pb_text admin_label=\u00a0\u00bbSubtitle\u00a0\u00bb _builder_version=\u00a0\u00bb4.16&Prime; text_font=\u00a0\u00bbMontserrat||||||||\u00a0\u00bb text_font_size=\u00a0\u00bb16px\u00a0\u00bb text_line_height=\u00a0\u00bb1.6em\u00a0\u00bb max_width_tablet=\u00a0\u00bb\u00a0\u00bb max_width_phone=\u00a0\u00bb\u00a0\u00bb max_width_last_edited=\u00a0\u00bbon|desktop\u00a0\u00bb custom_padding=\u00a0\u00bb|||\u00a0\u00bb animation_direction=\u00a0\u00bbleft\u00a0\u00bb locked=\u00a0\u00bboff\u00a0\u00bb global_colors_info=\u00a0\u00bb{}\u00a0\u00bb]<\/p>\n<p style=\"text-align: justify;\">L\u2019interphone est un outil de protection et de surveillance. Il vient compl\u00e9ter le dispositif de s\u00e9curisation de votre site en contr\u00f4lant les entr\u00e9es et sorties. C\u2019est pourquoi, apr\u00e8s un audit de s\u00e9curit\u00e9, PVI Tertrais pourra vous proposer le portier qui convient \u00e0 votre besoin dans une large gamme d\u2019interphonie ou de visiophonie \u00e0 la pointe de la technologie.<\/p>\n<p style=\"text-align: justify;\">\n<p style=\"text-align: justify;\">Quel que soit le dispositif retenu, il s\u2019agit de prot\u00e9ger et de surveiller les acc\u00e8s de mani\u00e8re \u00e0 autoriser ou non l\u2019entr\u00e9e dans un p\u00e9rim\u00e8tre d\u00e9fini, dans un b\u00e2timent ou une pi\u00e8ce.<\/p>\n<p>[\/et_pb_text][et_pb_text admin_label=\u00a0\u00bbTitle\u00a0\u00bb _builder_version=\u00a0\u00bb4.16&Prime; text_font=\u00a0\u00bbMontserrat|700||on|||||\u00a0\u00bb text_font_size=\u00a0\u00bb18px\u00a0\u00bb header_font=\u00a0\u00bb||||||||\u00a0\u00bb header_2_font=\u00a0\u00bbMontserrat|700||on|||||\u00a0\u00bb header_2_line_height=\u00a0\u00bb1.4em\u00a0\u00bb custom_margin=\u00a0\u00bb|||\u00a0\u00bb custom_padding=\u00a0\u00bb|||30px\u00a0\u00bb animation_direction=\u00a0\u00bbleft\u00a0\u00bb header_2_font_size_tablet=\u00a0\u00bb\u00a0\u00bb header_2_font_size_phone=\u00a0\u00bb24px\u00a0\u00bb header_2_font_size_last_edited=\u00a0\u00bbon|phone\u00a0\u00bb border_color_all=\u00a0\u00bb#B6519A\u00a0\u00bb border_width_left=\u00a0\u00bb10px\u00a0\u00bb global_colors_info=\u00a0\u00bb{}\u00a0\u00bb]<strong>L\u2019interphone<\/strong><br \/>\n[\/et_pb_text][et_pb_text admin_label=\u00a0\u00bbSubtitle\u00a0\u00bb _builder_version=\u00a0\u00bb4.16&Prime; text_font=\u00a0\u00bbMontserrat||||||||\u00a0\u00bb text_font_size=\u00a0\u00bb16px\u00a0\u00bb text_line_height=\u00a0\u00bb1.6em\u00a0\u00bb max_width_tablet=\u00a0\u00bb\u00a0\u00bb max_width_phone=\u00a0\u00bb\u00a0\u00bb max_width_last_edited=\u00a0\u00bbon|desktop\u00a0\u00bb custom_padding=\u00a0\u00bb|||\u00a0\u00bb animation_direction=\u00a0\u00bbleft\u00a0\u00bb locked=\u00a0\u00bboff\u00a0\u00bb global_colors_info=\u00a0\u00bb{}\u00a0\u00bb]<\/p>\n<p style=\"text-align: justify;\">L\u2019interphone permet l\u2019identification du visiteur ainsi que le contr\u00f4le \u00e0 distance des ouvertures. C\u2019est la version plus \u00e9labor\u00e9e de la sonnette. L\u2019interphone audio vous permet de communiquer avec votre visiteur avant l\u2019ouverture de la porte.<\/p>\n<p>[\/et_pb_text][et_pb_text admin_label=\u00a0\u00bbTitle\u00a0\u00bb _builder_version=\u00a0\u00bb4.16&Prime; text_font=\u00a0\u00bbMontserrat|700||on|||||\u00a0\u00bb text_font_size=\u00a0\u00bb18px\u00a0\u00bb header_font=\u00a0\u00bb||||||||\u00a0\u00bb header_2_font=\u00a0\u00bbMontserrat|700||on|||||\u00a0\u00bb header_2_line_height=\u00a0\u00bb1.4em\u00a0\u00bb custom_margin=\u00a0\u00bb|||\u00a0\u00bb custom_padding=\u00a0\u00bb|||30px\u00a0\u00bb animation_direction=\u00a0\u00bbleft\u00a0\u00bb header_2_font_size_tablet=\u00a0\u00bb\u00a0\u00bb header_2_font_size_phone=\u00a0\u00bb24px\u00a0\u00bb header_2_font_size_last_edited=\u00a0\u00bbon|phone\u00a0\u00bb border_color_all=\u00a0\u00bb#B6519A\u00a0\u00bb border_width_left=\u00a0\u00bb10px\u00a0\u00bb global_colors_info=\u00a0\u00bb{}\u00a0\u00bb]<strong>L\u2019interphone vid\u00e9o appel\u00e9 \u00e9galement visiophone ou encore portier vid\u00e9o<\/strong><br \/>\n[\/et_pb_text][et_pb_text admin_label=\u00a0\u00bbSubtitle\u00a0\u00bb _builder_version=\u00a0\u00bb4.16&Prime; text_font=\u00a0\u00bbMontserrat||||||||\u00a0\u00bb text_font_size=\u00a0\u00bb16px\u00a0\u00bb text_line_height=\u00a0\u00bb1.6em\u00a0\u00bb max_width_tablet=\u00a0\u00bb\u00a0\u00bb max_width_phone=\u00a0\u00bb\u00a0\u00bb max_width_last_edited=\u00a0\u00bbon|desktop\u00a0\u00bb custom_padding=\u00a0\u00bb|||\u00a0\u00bb animation_direction=\u00a0\u00bbleft\u00a0\u00bb locked=\u00a0\u00bboff\u00a0\u00bb global_colors_info=\u00a0\u00bb{}\u00a0\u00bb]<\/p>\n<p style=\"text-align: justify;\">.Ce dernier est compos\u00e9 d\u2019un support en ext\u00e9rieur sur lequel le visiteur appuie pour sonner et d\u2019un support \u00e0 l\u2019int\u00e9rieur donnant un aper\u00e7u vid\u00e9o et permettant de lui parler gr\u00e2ce \u00e0 des micros et \u00e9ventuellement de commander un syst\u00e8me d\u2019ouverture des portes. L\u2019interphone vid\u00e9o sera un alli\u00e9 de taille au service de votre s\u00e9curit\u00e9 en vous permettant de surveiller les all\u00e9es et venues devant votre domicile ou votre entreprise.<\/p>\n<p style=\"text-align: justify;\">On trouve plusieurs types de visiophones\u00a0:<\/p>\n<ul style=\"text-align: justify;\">\n<li><strong>Le visiophone<\/strong> est un dispositif offrant l\u2019acc\u00e8s \u00e0 une vid\u00e9o du visiteur.<\/li>\n<li><strong>Le visiophone connect\u00e9<\/strong> : acteur de votre protection, il vous permet de reconna\u00eetre votre visiteur soit gr\u00e2ce \u00e0 votre moniteur ou encore via votre smartphone.<\/li>\n<li><strong>Le visiophone collectif<\/strong>\u00a0permet de contr\u00f4ler les all\u00e9es et venues au sein d\u2019un immeuble de r\u00e9sidence ou encore pour des locaux professionnels.<\/li>\n<li>Il existe des <strong>visiophones adapt\u00e9s<\/strong> aux normes d\u2019accessibilit\u00e9 pour personnes en situation de handicap (PPMR).<\/li>\n<\/ul>\n<p style=\"text-align: justify;\">Si ce portier vid\u00e9o est connect\u00e9 \u00e0 votre tablette ou smartphone, il vous permet de r\u00e9pondre et de contr\u00f4ler les distances \u00e0 distance (une g\u00e2chette \u00e9lectrique peut \u00e9galement rendre possible l\u2019acc\u00e8s d\u2019un site).<\/p>\n<p>[\/et_pb_text][et_pb_image src=\u00a0\u00bbhttps:\/\/www.tertrais.com\/vendee\/wp-content\/uploads\/2021\/10\/1-Copie.png\u00a0\u00bb alt=\u00a0\u00bbportier vid\u00e9o\u00a0\u00bb title_text=\u00a0\u00bb1 &#8211; Copie\u00a0\u00bb _builder_version=\u00a0\u00bb4.16&Prime; _module_preset=\u00a0\u00bbdefault\u00a0\u00bb global_colors_info=\u00a0\u00bb{}\u00a0\u00bb][\/et_pb_image][et_pb_text admin_label=\u00a0\u00bbTitle\u00a0\u00bb _builder_version=\u00a0\u00bb4.16&Prime; text_font=\u00a0\u00bbMontserrat|700||on|||||\u00a0\u00bb text_font_size=\u00a0\u00bb18px\u00a0\u00bb header_font=\u00a0\u00bb||||||||\u00a0\u00bb header_2_font=\u00a0\u00bbMontserrat|700||on|||||\u00a0\u00bb header_2_line_height=\u00a0\u00bb1.4em\u00a0\u00bb custom_margin=\u00a0\u00bb|||\u00a0\u00bb custom_padding=\u00a0\u00bb|||30px\u00a0\u00bb animation_direction=\u00a0\u00bbleft\u00a0\u00bb header_2_font_size_tablet=\u00a0\u00bb\u00a0\u00bb header_2_font_size_phone=\u00a0\u00bb24px\u00a0\u00bb header_2_font_size_last_edited=\u00a0\u00bbon|phone\u00a0\u00bb border_color_all=\u00a0\u00bb#B6519A\u00a0\u00bb border_width_left=\u00a0\u00bb10px\u00a0\u00bb global_colors_info=\u00a0\u00bb{}\u00a0\u00bb]<strong>Particuliers, le contr\u00f4le d\u2019acc\u00e8s dont vous ne pourrez plus vous passer pour :<br \/>\n<\/strong><br \/>\n[\/et_pb_text][et_pb_text ol_position=\u00a0\u00bboutside\u00a0\u00bb ol_item_indent=\u00a0\u00bb16px\u00a0\u00bb admin_label=\u00a0\u00bbSubtitle\u00a0\u00bb _builder_version=\u00a0\u00bb4.16&Prime; text_font=\u00a0\u00bbMontserrat||||||||\u00a0\u00bb text_font_size=\u00a0\u00bb16px\u00a0\u00bb text_line_height=\u00a0\u00bb1.6em\u00a0\u00bb ol_line_height=\u00a0\u00bb2em\u00a0\u00bb max_width_tablet=\u00a0\u00bb\u00a0\u00bb max_width_phone=\u00a0\u00bb\u00a0\u00bb max_width_last_edited=\u00a0\u00bbon|desktop\u00a0\u00bb custom_padding=\u00a0\u00bb|||\u00a0\u00bb animation_direction=\u00a0\u00bbleft\u00a0\u00bb locked=\u00a0\u00bboff\u00a0\u00bb global_colors_info=\u00a0\u00bb{}\u00a0\u00bb]<\/p>\n<ul>\n<li style=\"text-align: justify;\">Voir qui sonne \u00e0 la porte de votre domicile <strong>avant<\/strong> d&rsquo;ouvrir.<\/li>\n<li style=\"text-align: justify;\">V\u00e9rifier que votre enfant est bien rentr\u00e9 de l\u2019\u00e9cole.<\/li>\n<li style=\"text-align: justify;\">Permettre \u00e0 des artisans ou ouvriers d\u2019acc\u00e9der \u00e0 votre domicile en toute s\u00e9curit\u00e9.<\/li>\n<li style=\"text-align: justify;\">Permettre le d\u00e9p\u00f4t d\u2019un colis.<\/li>\n<li style=\"text-align: justify;\">\u00c9viter de vous d\u00e9placer pour ouvrir \u00e0 votre visiteur (tout particuli\u00e8rement pour des personnes \u00e2g\u00e9es ou en situation de handicap).<\/li>\n<li style=\"text-align: justify;\">Profiter d\u2019un retour en images des all\u00e9es et venues \u00e0 votre domicile ce qui a un effet largement dissuasif pour une personne malveillante.<\/li>\n<\/ul>\n<p>[\/et_pb_text][et_pb_text admin_label=\u00a0\u00bbTitle\u00a0\u00bb _builder_version=\u00a0\u00bb4.16&Prime; text_font=\u00a0\u00bbMontserrat|700||on|||||\u00a0\u00bb text_font_size=\u00a0\u00bb18px\u00a0\u00bb header_font=\u00a0\u00bb||||||||\u00a0\u00bb header_2_font=\u00a0\u00bbMontserrat|700||on|||||\u00a0\u00bb header_2_line_height=\u00a0\u00bb1.4em\u00a0\u00bb custom_margin=\u00a0\u00bb|||\u00a0\u00bb custom_padding=\u00a0\u00bb|||30px\u00a0\u00bb animation_direction=\u00a0\u00bbleft\u00a0\u00bb header_2_font_size_tablet=\u00a0\u00bb\u00a0\u00bb header_2_font_size_phone=\u00a0\u00bb24px\u00a0\u00bb header_2_font_size_last_edited=\u00a0\u00bbon|phone\u00a0\u00bb border_color_all=\u00a0\u00bb#B6519A\u00a0\u00bb border_width_left=\u00a0\u00bb10px\u00a0\u00bb global_colors_info=\u00a0\u00bb{}\u00a0\u00bb]Interphonie et visiophonie, s\u00e9curisez vos entreprises\u00a0!<br \/>\n[\/et_pb_text][et_pb_text admin_label=\u00a0\u00bbSubtitle\u00a0\u00bb _builder_version=\u00a0\u00bb4.16&Prime; text_font=\u00a0\u00bbMontserrat||||||||\u00a0\u00bb text_font_size=\u00a0\u00bb16px\u00a0\u00bb text_line_height=\u00a0\u00bb1.6em\u00a0\u00bb max_width_tablet=\u00a0\u00bb\u00a0\u00bb max_width_phone=\u00a0\u00bb\u00a0\u00bb max_width_last_edited=\u00a0\u00bbon|desktop\u00a0\u00bb custom_padding=\u00a0\u00bb|||\u00a0\u00bb animation_direction=\u00a0\u00bbleft\u00a0\u00bb locked=\u00a0\u00bboff\u00a0\u00bb global_colors_info=\u00a0\u00bb{}\u00a0\u00bb]En entreprise, l\u2019interphone est le point cl\u00e9 de l\u2019acc\u00e8s \u00e0 votre b\u00e2timent. Bien souvent coupl\u00e9 \u00e0 du contr\u00f4le d\u2019acc\u00e8s, il permet de bloquer l\u2019acc\u00e8s de votre site \u00e0 d\u2019\u00e9ventuels ind\u00e9sirables mais \u00e9galement d\u2019accueillir vos visiteurs. De m\u00eame que la vid\u00e9osurveillance, la gestion de l\u2019interphonie s\u2019int\u00e8gre dans la r\u00e9flexion globale li\u00e9e \u00e0 la s\u00e9curit\u00e9 de votre site. Professionnels comme particuliers, le contr\u00f4le d\u2019acc\u00e8s est un plus pour votre s\u00e9curit\u00e9. L&rsquo;interphonie vous permet :<\/p>\n<p>&#8211;\u00a0 de <span style=\"color: #b6519a;\"><strong>v\u00e9rifier<\/strong> <\/span>les entr\u00e9es et sorties<\/p>\n<p>&#8211;\u00a0 de <span style=\"color: #b6519a;\"><strong>prot\u00e9ge<\/strong><\/span>r vos salari\u00e9s<\/p>\n<p>&#8211; de <span style=\"color: #b6519a;\"><strong>g\u00e9rer \u00e0 distance<\/strong><\/span> les entr\u00e9es et sorties aux abords de votre site.<br \/>\n[\/et_pb_text][et_pb_blurb title=\u00a0\u00bbLes plus Tertrais\u00a0\u00bb use_icon=\u00a0\u00bbon\u00a0\u00bb font_icon=\u00a0\u00bb&#x50;||divi||400&Prime; icon_color=\u00a0\u00bb#B6519A\u00a0\u00bb icon_placement=\u00a0\u00bbleft\u00a0\u00bb image_icon_width=\u00a0\u00bb80px\u00a0\u00bb content_max_width=\u00a0\u00bb780px\u00a0\u00bb icon_placement_tablet=\u00a0\u00bbleft\u00a0\u00bb icon_placement_phone=\u00a0\u00bbtop\u00a0\u00bb icon_placement_last_edited=\u00a0\u00bbon|phone\u00a0\u00bb _builder_version=\u00a0\u00bb4.16&Prime; _module_preset=\u00a0\u00bbdefault\u00a0\u00bb header_level=\u00a0\u00bbh3&Prime; header_font=\u00a0\u00bbMontserrat|600|||||||\u00a0\u00bb header_font_size=\u00a0\u00bb18px\u00a0\u00bb body_font=\u00a0\u00bbMontserrat||||||||\u00a0\u00bb body_font_size=\u00a0\u00bb16px\u00a0\u00bb custom_margin=\u00a0\u00bb50px||50px||true|false\u00a0\u00bb custom_padding=\u00a0\u00bb20px||20px||true|false\u00a0\u00bb custom_padding_tablet=\u00a0\u00bb20px||20px||true|false\u00a0\u00bb custom_padding_phone=\u00a0\u00bb20px|10px|20px|10px|true|true\u00a0\u00bb custom_padding_last_edited=\u00a0\u00bbon|phone\u00a0\u00bb box_shadow_style=\u00a0\u00bbpreset3&Prime; icon_font_size=\u00a0\u00bb80px\u00a0\u00bb global_colors_info=\u00a0\u00bb{}\u00a0\u00bb]<\/p>\n<ul>\n<li>Du mat\u00e9riel de pointe : nos techniciens assurent une veille permanente et retiennent un petit nombre de partenaires tri\u00e9s sur le volet de la technologie, de la robustesse et de la fiabilit\u00e9.<\/li>\n<li>Des installations sur mesure<\/li>\n<li>Un conseil et un accompagnement pour vous permettre de respecter la r\u00e9glementation li\u00e9e \u00e0 la prise de vid\u00e9o<\/li>\n<\/ul>\n<p>[\/et_pb_blurb][et_pb_code module_id=\u00a0\u00bbfin\u00a0\u00bb _builder_version=\u00a0\u00bb4.16&Prime; _module_preset=\u00a0\u00bbdefault\u00a0\u00bb global_colors_info=\u00a0\u00bb{}\u00a0\u00bb][\/et_pb_code][\/et_pb_column][et_pb_column type=\u00a0\u00bb1_3&Prime; module_id=\u00a0\u00bbsticky\u00a0\u00bb _builder_version=\u00a0\u00bb4.16&Prime; custom_padding=\u00a0\u00bb|||\u00a0\u00bb global_colors_info=\u00a0\u00bb{}\u00a0\u00bb custom_padding__hover=\u00a0\u00bb|||\u00a0\u00bb][et_pb_blurb title=\u00a0\u00bbObtenir un devis\u00a0\u00bb url=\u00a0\u00bb#devis\u00a0\u00bb image=\u00a0\u00bbhttps:\/\/www.tertrais.com\/vendee\/wp-content\/uploads\/2021\/10\/ktd01_s_3__1.jpg\u00a0\u00bb _builder_version=\u00a0\u00bb4.24.2&Prime; header_font=\u00a0\u00bbMontserrat|800||on|||||\u00a0\u00bb header_font_size=\u00a0\u00bb15px\u00a0\u00bb background_color=\u00a0\u00bb#B6519A\u00a0\u00bb text_orientation=\u00a0\u00bbcenter\u00a0\u00bb background_layout=\u00a0\u00bbdark\u00a0\u00bb custom_margin=\u00a0\u00bb|||\u00a0\u00bb custom_padding=\u00a0\u00bb||20px|\u00a0\u00bb animation=\u00a0\u00bboff\u00a0\u00bb link_option_url=\u00a0\u00bb#devis\u00a0\u00bb border_radii=\u00a0\u00bbon|3px|3px|3px|3px\u00a0\u00bb border_color_all=\u00a0\u00bb#000000&Prime; global_colors_info=\u00a0\u00bb{}\u00a0\u00bb background__hover_enabled=\u00a0\u00bbon|hover\u00a0\u00bb background_color__hover=\u00a0\u00bb#000000&Prime; background_enable_color__hover=\u00a0\u00bbon\u00a0\u00bb][\/et_pb_blurb][et_pb_text _builder_version=\u00a0\u00bb4.27.4&Prime; _module_preset=\u00a0\u00bbdefault\u00a0\u00bb text_font=\u00a0\u00bbMontserrat|700|||||||\u00a0\u00bb text_text_color=\u00a0\u00bb#B6519A\u00a0\u00bb text_font_size=\u00a0\u00bb25px\u00a0\u00bb link_option_url=\u00a0\u00bbtel:02 51 29 20 20&Prime; hover_enabled=\u00a0\u00bb0&Prime; global_colors_info=\u00a0\u00bb{}\u00a0\u00bb text_text_color__hover_enabled=\u00a0\u00bbon|hover\u00a0\u00bb text_text_color__hover=\u00a0\u00bb#000000&Prime; sticky_enabled=\u00a0\u00bb0&Prime;]<\/p>\n<p style=\"text-align: center;\">02 51 29 20 20<\/p>\n<p>[\/et_pb_text][\/et_pb_column][\/et_pb_row][\/et_pb_section]<\/p>\n","protected":false},"excerpt":{"rendered":"<p>Portier vid\u00e9o, visiophone et interphones\u00a0: au service de la s\u00e9curit\u00e9 de votre site Portier vid\u00e9o, visiophone et interphoneL\u2019interphone est un outil de protection et de surveillance. Il vient compl\u00e9ter le dispositif de s\u00e9curisation de votre site en contr\u00f4lant les entr\u00e9es et sorties. C\u2019est pourquoi, apr\u00e8s un audit de s\u00e9curit\u00e9, PVI Tertrais pourra vous proposer le [&hellip;]<\/p>\n","protected":false},"author":2,"featured_media":0,"parent":0,"menu_order":0,"comment_status":"closed","ping_status":"closed","template":"","meta":{"_acf_changed":false,"_seopress_robots_primary_cat":"","_seopress_titles_title":"Installation Interphone en Vend\u00e9e | Tertrais Sauvegarde","_seopress_titles_desc":"\ud83d\udd0a Besoin d'une installation d'interphone en Vend\u00e9e ? Garantissez une communication claire et s\u00e9curis\u00e9e pour votre entr\u00e9e. Contactez-nous d\u00e8s maintenant !","_seopress_robots_index":"","_et_pb_use_builder":"on","_et_pb_old_content":"","_et_gb_content_width":"","footnotes":""},"class_list":["post-26150","page","type-page","status-publish","hentry"],"acf":[],"_links":{"self":[{"href":"https:\/\/www.tertrais.com\/vendee\/wp-json\/wp\/v2\/pages\/26150","targetHints":{"allow":["GET"]}}],"collection":[{"href":"https:\/\/www.tertrais.com\/vendee\/wp-json\/wp\/v2\/pages"}],"about":[{"href":"https:\/\/www.tertrais.com\/vendee\/wp-json\/wp\/v2\/types\/page"}],"author":[{"embeddable":true,"href":"https:\/\/www.tertrais.com\/vendee\/wp-json\/wp\/v2\/users\/2"}],"replies":[{"embeddable":true,"href":"https:\/\/www.tertrais.com\/vendee\/wp-json\/wp\/v2\/comments?post=26150"}],"version-history":[{"count":18,"href":"https:\/\/www.tertrais.com\/vendee\/wp-json\/wp\/v2\/pages\/26150\/revisions"}],"predecessor-version":[{"id":27620,"href":"https:\/\/www.tertrais.com\/vendee\/wp-json\/wp\/v2\/pages\/26150\/revisions\/27620"}],"wp:attachment":[{"href":"https:\/\/www.tertrais.com\/vendee\/wp-json\/wp\/v2\/media?parent=26150"}],"curies":[{"name":"wp","href":"https:\/\/api.w.org\/{rel}","templated":true}]}}