{"id":26608,"date":"2024-03-19T15:49:35","date_gmt":"2024-03-19T14:49:35","guid":{"rendered":"https:\/\/www.tertrais.com\/vendee\/?page_id=26608"},"modified":"2024-12-10T22:34:41","modified_gmt":"2024-12-10T21:34:41","slug":"securisation-acces-entreprise","status":"publish","type":"page","link":"https:\/\/www.tertrais.com\/vendee\/securisation-acces-entreprise\/","title":{"rendered":"S\u00e9curisation des acc\u00e8s pour votre entreprise"},"content":{"rendered":"<p>[et_pb_section fb_built=\u00a0\u00bb1&Prime; _builder_version=\u00a0\u00bb4.16&Prime; _module_preset=\u00a0\u00bbdefault\u00a0\u00bb background_color=\u00a0\u00bbrgba(64,64,66,0.67)\u00a0\u00bb background_image=\u00a0\u00bbhttps:\/\/www.tertrais.com\/vendee\/wp-content\/uploads\/2021\/06\/security-cctv-camera-office-building.jpg\u00a0\u00bb background_blend=\u00a0\u00bbmultiply\u00a0\u00bb global_colors_info=\u00a0\u00bb{}\u00a0\u00bb][et_pb_row _builder_version=\u00a0\u00bb4.16&Prime; _module_preset=\u00a0\u00bbdefault\u00a0\u00bb global_colors_info=\u00a0\u00bb{}\u00a0\u00bb][et_pb_column type=\u00a0\u00bb4_4&Prime; _builder_version=\u00a0\u00bb4.16&Prime; _module_preset=\u00a0\u00bbdefault\u00a0\u00bb global_colors_info=\u00a0\u00bb{}\u00a0\u00bb][et_pb_text _builder_version=\u00a0\u00bb4.24.2&Prime; _module_preset=\u00a0\u00bbdefault\u00a0\u00bb header_font=\u00a0\u00bbMontserrat|600||on|||||\u00a0\u00bb header_text_color=\u00a0\u00bb#FFFFFF\u00a0\u00bb global_colors_info=\u00a0\u00bb{}\u00a0\u00bb]<\/p>\n<h1><strong>Assurez la s\u00e9curit\u00e9 des acc\u00e8s de votre entreprise avec nos syst\u00e8mes de protection\u00a0<\/strong>\ud83d\udd10<\/h1>\n<p>[\/et_pb_text][\/et_pb_column][\/et_pb_row][\/et_pb_section][et_pb_section fb_built=\u00a0\u00bb1&Prime; admin_label=\u00a0\u00bbService Section\u00a0\u00bb _builder_version=\u00a0\u00bb4.16&Prime; background_enable_image=\u00a0\u00bboff\u00a0\u00bb background_size=\u00a0\u00bbinitial\u00a0\u00bb module_alignment=\u00a0\u00bbright\u00a0\u00bb custom_padding=\u00a0\u00bb2vw||2vw||true|false\u00a0\u00bb global_colors_info=\u00a0\u00bb{}\u00a0\u00bb][et_pb_row column_structure=\u00a0\u00bb2_3,1_3&Prime; custom_padding_last_edited=\u00a0\u00bbon|phone\u00a0\u00bb admin_label=\u00a0\u00bbService Area\u00a0\u00bb _builder_version=\u00a0\u00bb4.16&Prime; background_color=\u00a0\u00bb#ffffff\u00a0\u00bb max_width=\u00a0\u00bb1440px\u00a0\u00bb custom_margin=\u00a0\u00bb|||\u00a0\u00bb custom_padding=\u00a0\u00bb80px|60px|80px|60px|false|true\u00a0\u00bb custom_padding_tablet=\u00a0\u00bb\u00a0\u00bb custom_padding_phone=\u00a0\u00bb30px|30px|30px|30px|true|true\u00a0\u00bb box_shadow_style=\u00a0\u00bbpreset3&Prime; box_shadow_vertical=\u00a0\u00bb80px\u00a0\u00bb box_shadow_blur=\u00a0\u00bb200px\u00a0\u00bb box_shadow_spread=\u00a0\u00bb-40px\u00a0\u00bb use_custom_width=\u00a0\u00bbon\u00a0\u00bb custom_width_px=\u00a0\u00bb1440px\u00a0\u00bb locked=\u00a0\u00bboff\u00a0\u00bb global_colors_info=\u00a0\u00bb{}\u00a0\u00bb][et_pb_column type=\u00a0\u00bb2_3&Prime; _builder_version=\u00a0\u00bb4.16&Prime; custom_padding=\u00a0\u00bb|||\u00a0\u00bb custom_padding_tablet=\u00a0\u00bb70px|8%||12%\u00a0\u00bb custom_padding_last_edited=\u00a0\u00bboff|desktop\u00a0\u00bb global_colors_info=\u00a0\u00bb{}\u00a0\u00bb custom_padding__hover=\u00a0\u00bb|||\u00a0\u00bb][et_pb_text admin_label=\u00a0\u00bbTitle\u00a0\u00bb _builder_version=\u00a0\u00bb4.25.0&Prime; text_font=\u00a0\u00bbMontserrat|700||on|||||\u00a0\u00bb text_font_size=\u00a0\u00bb18px\u00a0\u00bb header_font=\u00a0\u00bb||||||||\u00a0\u00bb header_2_font=\u00a0\u00bbMontserrat|700||on|||||\u00a0\u00bb header_2_line_height=\u00a0\u00bb1.4em\u00a0\u00bb custom_margin=\u00a0\u00bb|||\u00a0\u00bb custom_padding=\u00a0\u00bb|||30px\u00a0\u00bb custom_padding_tablet=\u00a0\u00bb|||30px\u00a0\u00bb custom_padding_phone=\u00a0\u00bb|||10px|false|false\u00a0\u00bb custom_padding_last_edited=\u00a0\u00bbon|phone\u00a0\u00bb animation_direction=\u00a0\u00bbleft\u00a0\u00bb header_2_font_size_tablet=\u00a0\u00bb\u00a0\u00bb header_2_font_size_phone=\u00a0\u00bb24px\u00a0\u00bb header_2_font_size_last_edited=\u00a0\u00bbon|phone\u00a0\u00bb border_color_all=\u00a0\u00bb#B6519A\u00a0\u00bb border_width_left=\u00a0\u00bb10px\u00a0\u00bb global_colors_info=\u00a0\u00bb{}\u00a0\u00bb]<\/p>\n<h2>Nos solutions pour s\u00e9curiser les acc\u00e8s \u00e0 votre entreprise :<\/h2>\n<p>[\/et_pb_text][et_pb_text admin_label=\u00a0\u00bbSubtitle\u00a0\u00bb _builder_version=\u00a0\u00bb4.24.2&Prime; text_font=\u00a0\u00bbMontserrat||||||||\u00a0\u00bb text_font_size=\u00a0\u00bb16px\u00a0\u00bb text_line_height=\u00a0\u00bb1.6em\u00a0\u00bb max_width_tablet=\u00a0\u00bb\u00a0\u00bb max_width_phone=\u00a0\u00bb\u00a0\u00bb max_width_last_edited=\u00a0\u00bbon|desktop\u00a0\u00bb custom_padding=\u00a0\u00bb|||\u00a0\u00bb animation_direction=\u00a0\u00bbleft\u00a0\u00bb locked=\u00a0\u00bboff\u00a0\u00bb global_colors_info=\u00a0\u00bb{}\u00a0\u00bb]<\/p>\n<p style=\"text-align: justify;\">Que vous soyez commer\u00e7ant, profession ind\u00e9pendante ou dirigeant, s\u00e9curiser vos locaux et vos donn\u00e9es est une de vos priorit\u00e9s. Voici un ensemble de solutions de s\u00e9curit\u00e9 avanc\u00e9es pour garantir la s\u00fbret\u00e9 de vos acc\u00e8s et de vos biens.<\/p>\n<p>[\/et_pb_text][et_pb_text admin_label=\u00a0\u00bbTitle\u00a0\u00bb _builder_version=\u00a0\u00bb4.24.2&Prime; text_font=\u00a0\u00bbMontserrat|700||on|||||\u00a0\u00bb text_font_size=\u00a0\u00bb18px\u00a0\u00bb header_font=\u00a0\u00bb||||||||\u00a0\u00bb header_2_font=\u00a0\u00bbMontserrat|700||on|||||\u00a0\u00bb header_2_line_height=\u00a0\u00bb1.4em\u00a0\u00bb custom_margin=\u00a0\u00bb|||\u00a0\u00bb custom_padding=\u00a0\u00bb|||30px\u00a0\u00bb animation_direction=\u00a0\u00bbleft\u00a0\u00bb header_2_font_size_tablet=\u00a0\u00bb\u00a0\u00bb header_2_font_size_phone=\u00a0\u00bb24px\u00a0\u00bb header_2_font_size_last_edited=\u00a0\u00bbon|phone\u00a0\u00bb border_color_all=\u00a0\u00bb#B6519A\u00a0\u00bb border_width_left=\u00a0\u00bb10px\u00a0\u00bb global_colors_info=\u00a0\u00bb{}\u00a0\u00bb]<\/p>\n<h3>R\u00e9alisation d\u2019un diagnostic de s\u00e9curit\u00e9<\/h3>\n<p>[\/et_pb_text][et_pb_text admin_label=\u00a0\u00bbSubtitle\u00a0\u00bb _builder_version=\u00a0\u00bb4.24.2&Prime; text_font=\u00a0\u00bbMontserrat||||||||\u00a0\u00bb text_font_size=\u00a0\u00bb16px\u00a0\u00bb text_line_height=\u00a0\u00bb1.6em\u00a0\u00bb max_width_tablet=\u00a0\u00bb\u00a0\u00bb max_width_phone=\u00a0\u00bb\u00a0\u00bb max_width_last_edited=\u00a0\u00bbon|desktop\u00a0\u00bb custom_padding=\u00a0\u00bb|||\u00a0\u00bb animation_direction=\u00a0\u00bbleft\u00a0\u00bb locked=\u00a0\u00bboff\u00a0\u00bb global_colors_info=\u00a0\u00bb{}\u00a0\u00bb]<\/p>\n<p><span style=\"font-size: 16px; color: #666666;\">Parce que votre entreprise est unique et que vos probl\u00e9matiques de s\u00e9curit\u00e9 et d\u2019acc\u00e8s ne ressemblent \u00e0 aucune autre, nous examinons ensemble vos besoins ainsi que les \u00e9ventuels points de vuln\u00e9rabilit\u00e9 de votre b\u00e2timent.<\/span><\/p>\n<p>[\/et_pb_text][et_pb_text admin_label=\u00a0\u00bbTitle\u00a0\u00bb _builder_version=\u00a0\u00bb4.24.2&Prime; text_font=\u00a0\u00bbMontserrat|700||on|||||\u00a0\u00bb text_font_size=\u00a0\u00bb18px\u00a0\u00bb header_font=\u00a0\u00bb||||||||\u00a0\u00bb header_2_font=\u00a0\u00bbMontserrat|700||on|||||\u00a0\u00bb header_2_line_height=\u00a0\u00bb1.4em\u00a0\u00bb custom_margin=\u00a0\u00bb|||\u00a0\u00bb custom_padding=\u00a0\u00bb|||30px\u00a0\u00bb animation_direction=\u00a0\u00bbleft\u00a0\u00bb header_2_font_size_tablet=\u00a0\u00bb\u00a0\u00bb header_2_font_size_phone=\u00a0\u00bb24px\u00a0\u00bb header_2_font_size_last_edited=\u00a0\u00bbon|phone\u00a0\u00bb border_color_all=\u00a0\u00bb#B6519A\u00a0\u00bb border_width_left=\u00a0\u00bb10px\u00a0\u00bb global_colors_info=\u00a0\u00bb{}\u00a0\u00bb]<\/p>\n<h3>Mise en place de dispositifs de d\u00e9tection\u00a0:<\/h3>\n<p>[\/et_pb_text][et_pb_text admin_label=\u00a0\u00bbSubtitle\u00a0\u00bb _builder_version=\u00a0\u00bb4.24.2&Prime; text_font=\u00a0\u00bbMontserrat||||||||\u00a0\u00bb text_font_size=\u00a0\u00bb16px\u00a0\u00bb text_line_height=\u00a0\u00bb1.6em\u00a0\u00bb max_width_tablet=\u00a0\u00bb\u00a0\u00bb max_width_phone=\u00a0\u00bb\u00a0\u00bb max_width_last_edited=\u00a0\u00bbon|desktop\u00a0\u00bb custom_padding=\u00a0\u00bb|||\u00a0\u00bb animation_direction=\u00a0\u00bbleft\u00a0\u00bb locked=\u00a0\u00bboff\u00a0\u00bb global_colors_info=\u00a0\u00bb{}\u00a0\u00bb]<\/p>\n<ol>\n<li style=\"text-align: justify;\"><strong>En ext\u00e9rieur :<\/strong> apr\u00e8s avoir r\u00e9alis\u00e9 le diagnostic, nous mettons en place un dispositif de d\u00e9tection de pr\u00e9sence en ext\u00e9rieur tout autour de votre b\u00e2timent : barri\u00e8re infra-rouge, d\u00e9tecteur ext\u00e9rieur photo, cam\u00e9ra\u2026 Ce dispositif permet de d\u00e9tecter tout \u00e9ventuel intrus avant qu\u2019il ne p\u00e9n\u00e8tre dans l\u2019enceinte du b\u00e2timent.<\/li>\n<li style=\"text-align: justify;\">Nous mettons en place des capteurs charg\u00e9s de d\u00e9tecter les tentatives d&rsquo;ouverture des fen\u00eatres, portes, volets roulants&#8230;<\/li>\n<li><strong>A l&rsquo;int\u00e9rieur :<\/strong> nos diff\u00e9rents d\u00e9tecteurs int\u00e9rieurs prennent ensuite le relais pour s\u00e9curiser votre entreprise si un mouvement suspect est d\u00e9tect\u00e9 au sein de votre entreprise.\n<p style=\"text-align: justify;\">Notre dispositif permet de d\u00e9tecter toute tentative d&rsquo;intrusion d\u00e8s les premiers instants. Nos syst\u00e8mes d&rsquo;alarme sophistiqu\u00e9s d\u00e9clenchent des alertes instantan\u00e9es pour une intervention rapide.<\/p>\n<\/li>\n<\/ol>\n<p>[\/et_pb_text][et_pb_text admin_label=\u00a0\u00bbTitle\u00a0\u00bb _builder_version=\u00a0\u00bb4.24.2&Prime; text_font=\u00a0\u00bbMontserrat|700||on|||||\u00a0\u00bb text_font_size=\u00a0\u00bb18px\u00a0\u00bb header_font=\u00a0\u00bb||||||||\u00a0\u00bb header_2_font=\u00a0\u00bbMontserrat|700||on|||||\u00a0\u00bb header_2_line_height=\u00a0\u00bb1.4em\u00a0\u00bb custom_margin=\u00a0\u00bb|||\u00a0\u00bb custom_padding=\u00a0\u00bb|||30px\u00a0\u00bb animation_direction=\u00a0\u00bbleft\u00a0\u00bb header_2_font_size_tablet=\u00a0\u00bb\u00a0\u00bb header_2_font_size_phone=\u00a0\u00bb24px\u00a0\u00bb header_2_font_size_last_edited=\u00a0\u00bbon|phone\u00a0\u00bb border_color_all=\u00a0\u00bb#B6519A\u00a0\u00bb border_width_left=\u00a0\u00bb10px\u00a0\u00bb global_colors_info=\u00a0\u00bb{}\u00a0\u00bb]<\/p>\n<h3>Service de t\u00e9l\u00e9surveillance<\/h3>\n<p>[\/et_pb_text][et_pb_text admin_label=\u00a0\u00bbSubtitle\u00a0\u00bb _builder_version=\u00a0\u00bb4.24.2&Prime; text_font=\u00a0\u00bbMontserrat||||||||\u00a0\u00bb text_font_size=\u00a0\u00bb16px\u00a0\u00bb text_line_height=\u00a0\u00bb1.6em\u00a0\u00bb max_width_tablet=\u00a0\u00bb\u00a0\u00bb max_width_phone=\u00a0\u00bb\u00a0\u00bb max_width_last_edited=\u00a0\u00bbon|desktop\u00a0\u00bb custom_padding=\u00a0\u00bb|||\u00a0\u00bb animation_direction=\u00a0\u00bbleft\u00a0\u00bb locked=\u00a0\u00bboff\u00a0\u00bb global_colors_info=\u00a0\u00bb{}\u00a0\u00bb]<\/p>\n<p style=\"text-align: justify;\">Pour une protection 24\/7 votre syst\u00e8me d\u2019alarme est reli\u00e9 \u00e0 notre <a href=\"https:\/\/www.tertrais.com\/vendee\/installation-telesurveillance\/\">PC de t\u00e9l\u00e9surveillance<\/a> agr\u00e9e APSAD P3 par le CNAPS. Apr\u00e8s avoir r\u00e9alis\u00e9 une lev\u00e9e de doute et selon les consignes \u00e9tablies ensemble, nos op\u00e9rateurs de t\u00e9l\u00e9surveillance prennent les dispositions requises aux situations d\u2019urgence.<\/p>\n<p>[\/et_pb_text][et_pb_text admin_label=\u00a0\u00bbTitle\u00a0\u00bb _builder_version=\u00a0\u00bb4.24.2&Prime; text_font=\u00a0\u00bbMontserrat|700||on|||||\u00a0\u00bb text_font_size=\u00a0\u00bb18px\u00a0\u00bb header_font=\u00a0\u00bb||||||||\u00a0\u00bb header_2_font=\u00a0\u00bbMontserrat|700||on|||||\u00a0\u00bb header_2_line_height=\u00a0\u00bb1.4em\u00a0\u00bb custom_margin=\u00a0\u00bb|||\u00a0\u00bb custom_padding=\u00a0\u00bb|||30px\u00a0\u00bb animation_direction=\u00a0\u00bbleft\u00a0\u00bb header_2_font_size_tablet=\u00a0\u00bb\u00a0\u00bb header_2_font_size_phone=\u00a0\u00bb24px\u00a0\u00bb header_2_font_size_last_edited=\u00a0\u00bbon|phone\u00a0\u00bb border_color_all=\u00a0\u00bb#B6519A\u00a0\u00bb border_width_left=\u00a0\u00bb10px\u00a0\u00bb global_colors_info=\u00a0\u00bb{}\u00a0\u00bb]<\/p>\n<h3>Vid\u00e9osurveillance avanc\u00e9e\u00a0<\/h3>\n<p>[\/et_pb_text][et_pb_text admin_label=\u00a0\u00bbSubtitle\u00a0\u00bb _builder_version=\u00a0\u00bb4.24.2&Prime; text_font=\u00a0\u00bbMontserrat||||||||\u00a0\u00bb text_font_size=\u00a0\u00bb16px\u00a0\u00bb text_line_height=\u00a0\u00bb1.6em\u00a0\u00bb max_width_tablet=\u00a0\u00bb\u00a0\u00bb max_width_phone=\u00a0\u00bb\u00a0\u00bb max_width_last_edited=\u00a0\u00bbon|desktop\u00a0\u00bb custom_padding=\u00a0\u00bb|||\u00a0\u00bb animation_direction=\u00a0\u00bbleft\u00a0\u00bb locked=\u00a0\u00bboff\u00a0\u00bb global_colors_info=\u00a0\u00bb{}\u00a0\u00bb]<\/p>\n<p style=\"text-align: justify;\">Surveillez vos locaux 24\/7 gr\u00e2ce \u00e0 des cam\u00e9ras haute r\u00e9solution et \u00e0 une technologie de d\u00e9tection intelligente. Soyez inform\u00e9 instantan\u00e9ment en cas d&rsquo;activit\u00e9 suspecte.<\/p>\n<p>[\/et_pb_text][et_pb_text admin_label=\u00a0\u00bbTitle\u00a0\u00bb _builder_version=\u00a0\u00bb4.24.2&Prime; text_font=\u00a0\u00bbMontserrat|700||on|||||\u00a0\u00bb text_font_size=\u00a0\u00bb18px\u00a0\u00bb header_font=\u00a0\u00bb||||||||\u00a0\u00bb header_2_font=\u00a0\u00bbMontserrat|700||on|||||\u00a0\u00bb header_2_line_height=\u00a0\u00bb1.4em\u00a0\u00bb custom_margin=\u00a0\u00bb|||\u00a0\u00bb custom_padding=\u00a0\u00bb|||30px\u00a0\u00bb animation_direction=\u00a0\u00bbleft\u00a0\u00bb header_2_font_size_tablet=\u00a0\u00bb\u00a0\u00bb header_2_font_size_phone=\u00a0\u00bb24px\u00a0\u00bb header_2_font_size_last_edited=\u00a0\u00bbon|phone\u00a0\u00bb border_color_all=\u00a0\u00bb#B6519A\u00a0\u00bb border_width_left=\u00a0\u00bb10px\u00a0\u00bb global_colors_info=\u00a0\u00bb{}\u00a0\u00bb]<\/p>\n<h3>Contr\u00f4le d&rsquo;acc\u00e8s intelligent<\/h3>\n<p>[\/et_pb_text][et_pb_text admin_label=\u00a0\u00bbSubtitle\u00a0\u00bb _builder_version=\u00a0\u00bb4.24.2&Prime; text_font=\u00a0\u00bbMontserrat||||||||\u00a0\u00bb text_font_size=\u00a0\u00bb16px\u00a0\u00bb text_line_height=\u00a0\u00bb1.6em\u00a0\u00bb max_width_tablet=\u00a0\u00bb\u00a0\u00bb max_width_phone=\u00a0\u00bb\u00a0\u00bb max_width_last_edited=\u00a0\u00bbon|desktop\u00a0\u00bb custom_padding=\u00a0\u00bb|||\u00a0\u00bb animation_direction=\u00a0\u00bbleft\u00a0\u00bb locked=\u00a0\u00bboff\u00a0\u00bb global_colors_info=\u00a0\u00bb{}\u00a0\u00bb]<\/p>\n<p>G\u00e9rez les entr\u00e9es et les sorties de votre entreprise de mani\u00e8re <a href=\"https:\/\/www.tertrais.com\/vendee\/portier-video-visiophone-et-interphones\/\">efficace et s\u00e9curis\u00e9e<\/a>. Accordez des autorisations d&rsquo;acc\u00e8s sp\u00e9cifiques \u00e0 chaque employ\u00e9 et suivez les mouvements en temps r\u00e9el.<\/p>\n<p>[\/et_pb_text][et_pb_text admin_label=\u00a0\u00bbTitle\u00a0\u00bb _builder_version=\u00a0\u00bb4.24.2&Prime; text_font=\u00a0\u00bbMontserrat|700||on|||||\u00a0\u00bb text_font_size=\u00a0\u00bb18px\u00a0\u00bb header_font=\u00a0\u00bb||||||||\u00a0\u00bb header_2_font=\u00a0\u00bbMontserrat|700||on|||||\u00a0\u00bb header_2_line_height=\u00a0\u00bb1.4em\u00a0\u00bb custom_margin=\u00a0\u00bb|||\u00a0\u00bb custom_padding=\u00a0\u00bb|||30px\u00a0\u00bb animation_direction=\u00a0\u00bbleft\u00a0\u00bb header_2_font_size_tablet=\u00a0\u00bb\u00a0\u00bb header_2_font_size_phone=\u00a0\u00bb24px\u00a0\u00bb header_2_font_size_last_edited=\u00a0\u00bbon|phone\u00a0\u00bb border_color_all=\u00a0\u00bb#B6519A\u00a0\u00bb border_width_left=\u00a0\u00bb10px\u00a0\u00bb global_colors_info=\u00a0\u00bb{}\u00a0\u00bb]<\/p>\n<h2>Pourquoi choisir Tertrais ?<\/h2>\n<p>[\/et_pb_text][et_pb_text admin_label=\u00a0\u00bbSubtitle\u00a0\u00bb _builder_version=\u00a0\u00bb4.24.2&Prime; text_font=\u00a0\u00bbMontserrat||||||||\u00a0\u00bb text_font_size=\u00a0\u00bb16px\u00a0\u00bb text_line_height=\u00a0\u00bb1.6em\u00a0\u00bb max_width_tablet=\u00a0\u00bb\u00a0\u00bb max_width_phone=\u00a0\u00bb\u00a0\u00bb max_width_last_edited=\u00a0\u00bbon|desktop\u00a0\u00bb custom_padding=\u00a0\u00bb|||\u00a0\u00bb animation_direction=\u00a0\u00bbleft\u00a0\u00bb locked=\u00a0\u00bboff\u00a0\u00bb global_colors_info=\u00a0\u00bb{}\u00a0\u00bb]<\/p>\n<ul>\n<li><strong>Expertise technique:<\/strong> Notre \u00e9quipe hautement qualifi\u00e9e est sp\u00e9cialis\u00e9e dans l&rsquo;installation et la maintenance des syst\u00e8mes de protection num\u00e9rique les plus avanc\u00e9s.<\/li>\n<li><strong>Une proposition sur mesure:<\/strong> Chaque entreprise est unique. Nous adaptons nos solutions en fonction de vos besoins sp\u00e9cifiques pour une protection optimale.<\/li>\n<li><strong>Offre de service de A \u00e0 Z<\/strong>\u00a0: du diagnostic \u00e0 la t\u00e9l\u00e9surveillance en passant par l\u2019installation de votre syst\u00e8me d\u2019alarme, votre s\u00e9curit\u00e9 n\u2019est pas laiss\u00e9e au hasard.<\/li>\n<li><strong>Service r\u00e9actif:<\/strong> En cas d&rsquo;urgence, notre \u00e9quipe est pr\u00eate \u00e0 intervenir rapidement, assurant ainsi la continuit\u00e9 de votre activit\u00e9.<\/li>\n<\/ul>\n<p>Contactez-nous d\u00e8s aujourd&rsquo;hui pour une consultation gratuite et d\u00e9couvrez comment nos solutions de protection peuvent renforcer la s\u00e9curit\u00e9 de votre entreprise.<\/p>\n<p>\ud83d\udd12 <strong>S\u00e9curisez l&rsquo;avenir de Votre Entreprise avec Tertrais Sauvegarde<\/strong> \ud83c\udf10\ud83c\udfe2\ud83d\udcbc<br \/>\n[\/et_pb_text][et_pb_blurb title=\u00a0\u00bbLes plus Tertrais\u00a0\u00bb use_icon=\u00a0\u00bbon\u00a0\u00bb font_icon=\u00a0\u00bb&#x50;||divi||400&Prime; icon_color=\u00a0\u00bb#B6519A\u00a0\u00bb icon_placement=\u00a0\u00bbleft\u00a0\u00bb image_icon_width=\u00a0\u00bb80px\u00a0\u00bb content_max_width=\u00a0\u00bb780px\u00a0\u00bb icon_placement_tablet=\u00a0\u00bbleft\u00a0\u00bb icon_placement_phone=\u00a0\u00bbtop\u00a0\u00bb icon_placement_last_edited=\u00a0\u00bbon|phone\u00a0\u00bb _builder_version=\u00a0\u00bb4.16&Prime; _module_preset=\u00a0\u00bbdefault\u00a0\u00bb header_level=\u00a0\u00bbh3&Prime; header_font=\u00a0\u00bbMontserrat|600|||||||\u00a0\u00bb header_font_size=\u00a0\u00bb18px\u00a0\u00bb body_font=\u00a0\u00bbMontserrat||||||||\u00a0\u00bb body_font_size=\u00a0\u00bb16px\u00a0\u00bb custom_margin=\u00a0\u00bb50px||50px||true|false\u00a0\u00bb custom_padding=\u00a0\u00bb20px||20px||true|false\u00a0\u00bb custom_padding_tablet=\u00a0\u00bb20px||20px||true|false\u00a0\u00bb custom_padding_phone=\u00a0\u00bb20px|10px|20px|10px|true|true\u00a0\u00bb custom_padding_last_edited=\u00a0\u00bbon|phone\u00a0\u00bb box_shadow_style=\u00a0\u00bbpreset3&Prime; icon_font_size=\u00a0\u00bb80px\u00a0\u00bb global_colors_info=\u00a0\u00bb{}\u00a0\u00bb]<\/p>\n<ul>\n<li>Du mat\u00e9riel de pointe : nos techniciens assurent une veille permanente et retiennent un petit nombre de partenaires tri\u00e9s sur le volet de la technologie, de la robustesse et de la fiabilit\u00e9.<\/li>\n<li>Des installations sur mesure<\/li>\n<li>Un conseil et un accompagnement pour vous permettre de respecter la r\u00e9glementation li\u00e9e \u00e0 la prise de vid\u00e9o<\/li>\n<\/ul>\n<p>[\/et_pb_blurb][et_pb_code module_id=\u00a0\u00bbfin\u00a0\u00bb _builder_version=\u00a0\u00bb4.16&Prime; _module_preset=\u00a0\u00bbdefault\u00a0\u00bb global_colors_info=\u00a0\u00bb{}\u00a0\u00bb][\/et_pb_code][\/et_pb_column][et_pb_column type=\u00a0\u00bb1_3&Prime; module_id=\u00a0\u00bbsticky\u00a0\u00bb _builder_version=\u00a0\u00bb4.16&Prime; custom_padding=\u00a0\u00bb|||\u00a0\u00bb global_colors_info=\u00a0\u00bb{}\u00a0\u00bb custom_padding__hover=\u00a0\u00bb|||\u00a0\u00bb][et_pb_blurb title=\u00a0\u00bbObtenir un devis\u00a0\u00bb url=\u00a0\u00bb#devis\u00a0\u00bb image=\u00a0\u00bbhttps:\/\/www.tertrais.com\/vendee\/wp-content\/uploads\/2024\/01\/nastuh-abootalebi-yWwob8kwOCk-unsplash.jpg\u00a0\u00bb alt=\u00a0\u00bbsecurisation entreprise\u00a0\u00bb _builder_version=\u00a0\u00bb4.24.2&Prime; header_font=\u00a0\u00bbMontserrat|800||on|||||\u00a0\u00bb header_font_size=\u00a0\u00bb15px\u00a0\u00bb background_color=\u00a0\u00bb#B6519A\u00a0\u00bb text_orientation=\u00a0\u00bbcenter\u00a0\u00bb background_layout=\u00a0\u00bbdark\u00a0\u00bb custom_margin=\u00a0\u00bb|||\u00a0\u00bb custom_padding=\u00a0\u00bb||20px|\u00a0\u00bb animation=\u00a0\u00bboff\u00a0\u00bb link_option_url=\u00a0\u00bb#devis\u00a0\u00bb border_radii=\u00a0\u00bbon|3px|3px|3px|3px\u00a0\u00bb border_color_all=\u00a0\u00bb#000000&Prime; global_colors_info=\u00a0\u00bb{}\u00a0\u00bb background__hover_enabled=\u00a0\u00bbon|hover\u00a0\u00bb background_color__hover=\u00a0\u00bb#000000&Prime; background_enable_color__hover=\u00a0\u00bbon\u00a0\u00bb][\/et_pb_blurb][et_pb_text _builder_version=\u00a0\u00bb4.27.4&Prime; _module_preset=\u00a0\u00bbdefault\u00a0\u00bb text_font=\u00a0\u00bbMontserrat|700|||||||\u00a0\u00bb text_text_color=\u00a0\u00bb#B6519A\u00a0\u00bb text_font_size=\u00a0\u00bb25px\u00a0\u00bb link_option_url=\u00a0\u00bbtel:02 51 29 20 20&Prime; hover_enabled=\u00a0\u00bb0&Prime; global_colors_info=\u00a0\u00bb{}\u00a0\u00bb text_text_color__hover_enabled=\u00a0\u00bbon|hover\u00a0\u00bb text_text_color__hover=\u00a0\u00bb#000000&Prime; sticky_enabled=\u00a0\u00bb0&Prime;]<\/p>\n<p style=\"text-align: center;\">02 51 29 20 20<\/p>\n<p>[\/et_pb_text][\/et_pb_column][\/et_pb_row][\/et_pb_section]<\/p>\n","protected":false},"excerpt":{"rendered":"<p>S\u00e9curisez l&rsquo;acc\u00e8s de votre entreprise en faisant appel \u00e0 un syst\u00e8me de protection optimum. Tertrais vous accompagne du diagnostic s\u00e9curit\u00e9 \u00e0 l&rsquo;installation et vous propose pour une s\u00e9r\u00e9nit\u00e9 maximale, un service de t\u00e9l\u00e9surveillance certifi\u00e9 APSAD P3.<\/p>\n","protected":false},"author":2,"featured_media":0,"parent":0,"menu_order":0,"comment_status":"closed","ping_status":"closed","template":"","meta":{"_acf_changed":false,"_seopress_robots_primary_cat":"","_seopress_titles_title":"S\u00e9curit\u00e9 des Acc\u00e8s pour votre Entreprise | TERTRAIS Vend\u00e9e","_seopress_titles_desc":"S\u00e9curisez votre entreprise en Vend\u00e9e en faisant appel aux services de Tertrais. Solution sur mesure pour une s\u00e9curit\u00e9 maximale.","_seopress_robots_index":"","_et_pb_use_builder":"on","_et_pb_old_content":"","_et_gb_content_width":"","footnotes":""},"class_list":["post-26608","page","type-page","status-publish","hentry"],"acf":[],"_links":{"self":[{"href":"https:\/\/www.tertrais.com\/vendee\/wp-json\/wp\/v2\/pages\/26608","targetHints":{"allow":["GET"]}}],"collection":[{"href":"https:\/\/www.tertrais.com\/vendee\/wp-json\/wp\/v2\/pages"}],"about":[{"href":"https:\/\/www.tertrais.com\/vendee\/wp-json\/wp\/v2\/types\/page"}],"author":[{"embeddable":true,"href":"https:\/\/www.tertrais.com\/vendee\/wp-json\/wp\/v2\/users\/2"}],"replies":[{"embeddable":true,"href":"https:\/\/www.tertrais.com\/vendee\/wp-json\/wp\/v2\/comments?post=26608"}],"version-history":[{"count":18,"href":"https:\/\/www.tertrais.com\/vendee\/wp-json\/wp\/v2\/pages\/26608\/revisions"}],"predecessor-version":[{"id":27625,"href":"https:\/\/www.tertrais.com\/vendee\/wp-json\/wp\/v2\/pages\/26608\/revisions\/27625"}],"wp:attachment":[{"href":"https:\/\/www.tertrais.com\/vendee\/wp-json\/wp\/v2\/media?parent=26608"}],"curies":[{"name":"wp","href":"https:\/\/api.w.org\/{rel}","templated":true}]}}